{"id":2452,"date":"2024-06-26T08:42:53","date_gmt":"2024-06-26T08:42:53","guid":{"rendered":"https:\/\/www.onarestates.com\/ueber-uns\/"},"modified":"2024-11-18T10:46:56","modified_gmt":"2024-11-18T10:46:56","slug":"ueber-uns","status":"publish","type":"page","link":"https:\/\/www.onarestates.com\/de\/ueber-uns\/","title":{"rendered":"\u00dcber uns"},"content":{"rendered":"\t\t<div data-elementor-type=\"wp-page\" data-elementor-id=\"2452\" class=\"elementor elementor-2452 elementor-1908\" data-elementor-post-type=\"page\">\n\t\t\t\t<div class=\"elementor-element elementor-element-99b7bda e-con-full e-flex e-con e-child\" data-id=\"99b7bda\" data-element_type=\"container\" data-e-type=\"container\" data-settings=\"{&quot;background_background&quot;:&quot;classic&quot;}\">\n\t\t<div class=\"elementor-element elementor-element-1a87ceb e-con-full e-flex e-con e-child\" data-id=\"1a87ceb\" data-element_type=\"container\" data-e-type=\"container\" data-settings=\"{&quot;background_background&quot;:&quot;classic&quot;}\">\n\t\t<div class=\"elementor-element elementor-element-5f04bbb e-flex e-con-boxed e-con e-child\" data-id=\"5f04bbb\" data-element_type=\"container\" data-e-type=\"container\" data-settings=\"{&quot;background_background&quot;:&quot;slideshow&quot;,&quot;background_slideshow_gallery&quot;:[{&quot;id&quot;:2127,&quot;url&quot;:&quot;http:\\\/\\\/www.onarestates.com\\\/wp-content\\\/uploads\\\/2024\\\/09\\\/inner-banner-pic.png&quot;}],&quot;background_slideshow_loop&quot;:&quot;yes&quot;,&quot;background_slideshow_slide_duration&quot;:5000,&quot;background_slideshow_slide_transition&quot;:&quot;fade&quot;,&quot;background_slideshow_transition_duration&quot;:500}\">\n\t\t\t\t\t<div class=\"e-con-inner\">\n\t\t\t\t<div class=\"elementor-element elementor-element-0e3cf09 elementor-widget elementor-widget-heading\" data-id=\"0e3cf09\" data-element_type=\"widget\" data-e-type=\"widget\" data-widget_type=\"heading.default\">\n\t\t\t\t<div class=\"elementor-widget-container\">\n\t\t\t\t\t<h2 class=\"elementor-heading-title elementor-size-default\">\u00dcber uns<\/h2>\t\t\t\t<\/div>\n\t\t\t\t<\/div>\n\t\t\t\t\t<\/div>\n\t\t\t\t<\/div>\n\t\t\t\t<\/div>\n\t\t<div class=\"elementor-element elementor-element-aaf87ff e-flex e-con-boxed e-con e-child\" data-id=\"aaf87ff\" data-element_type=\"container\" data-e-type=\"container\">\n\t\t\t\t\t<div class=\"e-con-inner\">\n\t\t<div class=\"elementor-element elementor-element-991617b e-con-full e-flex e-con e-child\" data-id=\"991617b\" data-element_type=\"container\" data-e-type=\"container\">\n\t\t\t\t<div class=\"elementor-element elementor-element-2eebd7d elementor-widget elementor-widget-heading\" data-id=\"2eebd7d\" data-element_type=\"widget\" data-e-type=\"widget\" data-widget_type=\"heading.default\">\n\t\t\t\t<div class=\"elementor-widget-container\">\n\t\t\t\t\t<h2 class=\"elementor-heading-title elementor-size-default\">Es ist Zeit, Ihren Traum wahr werden zu lassen<\/h2>\t\t\t\t<\/div>\n\t\t\t\t<\/div>\n\t\t\t\t<div class=\"elementor-element elementor-element-a0c3b23 elementor-widget elementor-widget-text-editor\" data-id=\"a0c3b23\" data-element_type=\"widget\" data-e-type=\"widget\" data-widget_type=\"text-editor.default\">\n\t\t\t\t<div class=\"elementor-widget-container\">\n\t\t\t\t\t\t\t\t\t<p>Im Altgriechischen bedeutet \u201eOnar\u201c &#8211; \u201eTraum\u201c.<br>Mit uns wird Ihr Traum Wirklichkeit. Nachdem wir unseren Traum verwirklicht haben, nach Zypern zu ziehen und eines der f\u00fchrenden Immobilienunternehmen zu gr\u00fcnden, ist es f\u00fcr uns an der Zeit, Ihnen dabei zu helfen, Ihren Traum Wirklichkeit werden zu lassen.  <\/p>\n<p>Wir sind Tamir und Sasha Fairman, ein israelisches Paar, leben zusammen mit unseren Kindern auf der traumhaften Insel Zypern und haben ein Unternehmen gegr\u00fcndet, dessen Ziel es ist, Investoren im Ausland umfassend zu unterst\u00fctzen.<\/p>\n<p>Ganz gleich, ob Sie kaufen, verkaufen oder investieren, unser Team aus erfahrenen Fachleuten wird Sie bei jedem Schritt begleiten.<\/p>\n<p>Wir bieten ein umfassendes Leistungspaket, darunter Immobilienverwaltung, Verm\u00f6gensbeschaffung, Umzugsberatung, Verwaltungsgesellschaft, Bauaufsicht, Entwicklungs- und Finanzierungshilfe. <\/p>\n<p>Kommen Sie zu uns, um gro\u00dfe Tr\u00e4ume zu haben und Ihren Traum Wirklichkeit werden zu lassen.<\/p>\n\t\t\t\t\t\t\t\t<\/div>\n\t\t\t\t<\/div>\n\t\t\t\t<\/div>\n\t\t<div class=\"elementor-element elementor-element-5add9cc e-con-full e-flex e-con e-child\" data-id=\"5add9cc\" data-element_type=\"container\" data-e-type=\"container\">\n\t\t\t\t<div class=\"elementor-element elementor-element-c0dbcf1 elementor-widget elementor-widget-image\" data-id=\"c0dbcf1\" data-element_type=\"widget\" data-e-type=\"widget\" data-widget_type=\"image.default\">\n\t\t\t\t<div class=\"elementor-widget-container\">\n\t\t\t\t\t\t\t\t\t\t\t\t\t\t\t<img fetchpriority=\"high\" decoding=\"async\" width=\"634\" height=\"522\" src=\"https:\/\/www.onarestates.com\/wp-content\/uploads\/2024\/06\/iStock-16469148522.jpg\" class=\"attachment-large size-large wp-image-40\" alt=\"\" srcset=\"https:\/\/www.onarestates.com\/wp-content\/uploads\/2024\/06\/iStock-16469148522.jpg 634w, https:\/\/www.onarestates.com\/wp-content\/uploads\/2024\/06\/iStock-16469148522-300x247.jpg 300w\" sizes=\"(max-width: 634px) 100vw, 634px\" \/>\t\t\t\t\t\t\t\t\t\t\t\t\t\t\t<\/div>\n\t\t\t\t<\/div>\n\t\t\t\t<\/div>\n\t\t\t\t\t<\/div>\n\t\t\t\t<\/div>\n\t\t<div class=\"elementor-element elementor-element-10e44b0 e-flex e-con-boxed e-con e-child\" data-id=\"10e44b0\" data-element_type=\"container\" data-e-type=\"container\">\n\t\t\t\t\t<div class=\"e-con-inner\">\n\t\t<div class=\"elementor-element elementor-element-a3730ec e-con-full e-flex e-con e-child\" data-id=\"a3730ec\" data-element_type=\"container\" data-e-type=\"container\">\n\t\t\t\t<div class=\"elementor-element elementor-element-8e8c7a7 elementor-widget elementor-widget-heading\" data-id=\"8e8c7a7\" data-element_type=\"widget\" data-e-type=\"widget\" data-widget_type=\"heading.default\">\n\t\t\t\t<div class=\"elementor-widget-container\">\n\t\t\t\t\t<h2 class=\"elementor-heading-title elementor-size-default\">Willkommen bei Onar Estates<\/h2>\t\t\t\t<\/div>\n\t\t\t\t<\/div>\n\t\t\t\t<div class=\"elementor-element elementor-element-9976c16 elementor-widget elementor-widget-text-editor\" data-id=\"9976c16\" data-element_type=\"widget\" data-e-type=\"widget\" data-widget_type=\"text-editor.default\">\n\t\t\t\t<div class=\"elementor-widget-container\">\n\t\t\t\t\t\t\t\t\t<p style=\"text-align: left;\">Wo Ihr Traum Wirklichkeit wird. Bei Onar Estates widmen wir uns der Bereitstellung umfassender Immobiliendienstleistungen, die auf Ihre individuellen Bed\u00fcrfnisse zugeschnitten sind. Ganz gleich, ob Sie kaufen, verkaufen oder investieren, unser Team aus erfahrenen Fachleuten ist da,  <\/p>\n<p style=\"text-align: left;\">um Sie bei jedem Schritt zu begleiten.<\/p>\n<p style=\"text-align: left;\">Als zentrale Anlaufstelle f\u00fcr alle Ihre Immobilienbed\u00fcrfnisse bieten wir eine vollst\u00e4ndige Palette an Dienstleistungen, darunter Immobilienverwaltung, Finanzierungshilfe und Home Staging. Mit einem tiefen Verst\u00e4ndnis des lokalen Marktes und einem Engagement f\u00fcr Spitzenleistungen streben wir danach, beispiellosen Service und Ergebnisse zu liefern. Entdecken Sie den Unterschied Onar Estates \u2013 Ihrem vertrauensw\u00fcrdigen Partner im Immobilienbereich.  <\/p>\n<p style=\"text-align: left;\">mit Onar Estates \u2013 Ihrem vertrauensw\u00fcrdigen Partner im Immobilienbereich.<\/p>\n\t\t\t\t\t\t\t\t<\/div>\n\t\t\t\t<\/div>\n\t\t\t\t<\/div>\n\t\t<div class=\"elementor-element elementor-element-ccd6dfb e-con-full e-flex e-con e-child\" data-id=\"ccd6dfb\" data-element_type=\"container\" data-e-type=\"container\">\n\t\t\t\t<div class=\"elementor-element elementor-element-00c42ca elementor-widget elementor-widget-image\" data-id=\"00c42ca\" data-element_type=\"widget\" data-e-type=\"widget\" data-widget_type=\"image.default\">\n\t\t\t\t<div class=\"elementor-widget-container\">\n\t\t\t\t\t\t\t\t\t\t\t\t\t\t\t<img decoding=\"async\" width=\"634\" height=\"522\" src=\"https:\/\/www.onarestates.com\/wp-content\/uploads\/2024\/06\/iStock-164691485232.jpg\" class=\"attachment-large size-large wp-image-41\" alt=\"Blue marine\" srcset=\"https:\/\/www.onarestates.com\/wp-content\/uploads\/2024\/06\/iStock-164691485232.jpg 634w, https:\/\/www.onarestates.com\/wp-content\/uploads\/2024\/06\/iStock-164691485232-300x247.jpg 300w\" sizes=\"(max-width: 634px) 100vw, 634px\" \/>\t\t\t\t\t\t\t\t\t\t\t\t\t\t\t<\/div>\n\t\t\t\t<\/div>\n\t\t\t\t<\/div>\n\t\t\t\t\t<\/div>\n\t\t\t\t<\/div>\n\t\t<div class=\"elementor-element elementor-element-319404f e-flex e-con-boxed e-con e-child\" data-id=\"319404f\" data-element_type=\"container\" data-e-type=\"container\">\n\t\t\t\t\t<div class=\"e-con-inner\">\n\t\t<div class=\"elementor-element elementor-element-0a5c8d1 e-con-full e-flex e-con e-child\" data-id=\"0a5c8d1\" data-element_type=\"container\" data-e-type=\"container\">\n\t\t\t\t<div class=\"elementor-element elementor-element-4388d6f elementor-widget elementor-widget-heading\" data-id=\"4388d6f\" data-element_type=\"widget\" data-e-type=\"widget\" data-widget_type=\"heading.default\">\n\t\t\t\t<div class=\"elementor-widget-container\">\n\t\t\t\t\t<h2 class=\"elementor-heading-title elementor-size-default\">Unsere Vorteile gegen\u00fcber der Konkurrenz<\/h2>\t\t\t\t<\/div>\n\t\t\t\t<\/div>\n\t\t\t\t<div class=\"elementor-element elementor-element-192fdea elementor-widget__width-initial elementor-widget elementor-widget-text-editor\" data-id=\"192fdea\" data-element_type=\"widget\" data-e-type=\"widget\" data-widget_type=\"text-editor.default\">\n\t\t\t\t<div class=\"elementor-widget-container\">\n\t\t\t\t\t\t\t\t\t<p>Nach jahrelanger Arbeit und dem Kennenlernen der Immobilienbranche in Zypern haben wir die Schwierigkeiten erkannt, mit denen Investoren und K\u00e4ufer konfrontiert sind, die zu uns kommen.<\/p>\n<p>Mit unserem umfassenden Verst\u00e4ndnis des lokalen Marktes und unserem Engagement f\u00fcr Spitzenleistungen streben wir danach, beispiellosen Service und Ergebnisse zu liefern.<\/p>\n<p>Wir sind in Paphos, Limassol, Larnaca, Ayia Napa, Nikosia und sogar in den Vororten t\u00e4tig. Wir haben Grundst\u00fccke, Wohnungen, Villen, Wohngeb\u00e4ude, Gewerbeimmobilien und Optionen f\u00fcr K\u00e4ufergruppen und Unternehmer.  <\/p>\n<p>Bei uns ist alles pers\u00f6nlich \u2013 alle unsere Kunden werden zu echten Freunden, Empfehlungen und sogar Gesch\u00e4ftspartnern.<\/p>\n<p>Wir haben uns entschieden, umfassende L\u00f6sungen und Dienstleistungen f\u00fcr genau das anzubieten, was fehlte:<\/p>\n<p>Umfassende und pers\u00f6nliche Unterst\u00fctzung, Beratung zum Umzug nach Zypern in allen Bereichen aus unserer pers\u00f6nlichen Erfahrung, Kauf, Miete und Investition in Immobilien, B\u00fcrokratie gegen\u00fcber den lokalen Beh\u00f6rden und Banken, eine umfassende rechtliche Antwort durch lokale Anw\u00e4lte, Immobilienverwaltung nach dem Kauf, Bauaufsicht, lokales Unternehmertum und Finanzierungshilfe.<\/p>\n<p>Entdecken Sie den Unterschied mit Onar \u2013 Ihrem zuverl\u00e4ssigen Immobilienpartner.<\/p>\n\t\t\t\t\t\t\t\t<\/div>\n\t\t\t\t<\/div>\n\t\t\t\t<\/div>\n\t\t\t\t\t<\/div>\n\t\t\t\t<\/div>\n\t\t\t\t<\/div>\n\t\t\t\t<\/div>\n\t\t","protected":false},"excerpt":{"rendered":"<p>\u00dcber uns Es ist Zeit, Ihren Traum wahr werden zu lassen Im Altgriechischen bedeutet \u201eOnar\u201c &#8211; \u201eTraum\u201c.Mit uns wird Ihr Traum Wirklichkeit. Nachdem wir unseren Traum verwirklicht haben, nach Zypern zu ziehen und eines der f\u00fchrenden Immobilienunternehmen zu gr\u00fcnden, ist es f\u00fcr uns an der Zeit, Ihnen dabei zu helfen, Ihren Traum Wirklichkeit werden zu [&hellip;]<\/p>\n","protected":false},"author":1,"featured_media":0,"parent":0,"menu_order":0,"comment_status":"closed","ping_status":"closed","template":"","meta":{"_acf_changed":false,"footnotes":""},"class_list":["post-2452","page","type-page","status-publish","hentry"],"acf":[],"yoast_head":"<!-- This site is optimized with the Yoast SEO plugin v27.2 - https:\/\/yoast.com\/product\/yoast-seo-wordpress\/ -->\n<title>\u00dcber uns - Onar estates | \u05d4\u05e9\u05e7\u05e2\u05d5\u05ea \u05e0\u05d3\u05dc\u05df \u05d1\u05e7\u05e4\u05e8\u05d9\u05e1\u05d9\u05df |<\/title>\n<meta name=\"robots\" content=\"index, follow, max-snippet:-1, max-image-preview:large, max-video-preview:-1\" \/>\n<link rel=\"canonical\" href=\"https:\/\/www.onarestates.com\/de\/ueber-uns\/\" \/>\n<meta property=\"og:locale\" content=\"de_DE\" \/>\n<meta property=\"og:type\" content=\"article\" \/>\n<meta property=\"og:title\" content=\"\u00dcber uns - Onar estates | \u05d4\u05e9\u05e7\u05e2\u05d5\u05ea \u05e0\u05d3\u05dc\u05df \u05d1\u05e7\u05e4\u05e8\u05d9\u05e1\u05d9\u05df |\" \/>\n<meta property=\"og:description\" content=\"\u00dcber uns Es ist Zeit, Ihren Traum wahr werden zu lassen Im Altgriechischen bedeutet \u201eOnar\u201c &#8211; \u201eTraum\u201c.Mit uns wird Ihr Traum Wirklichkeit. Nachdem wir unseren Traum verwirklicht haben, nach Zypern zu ziehen und eines der f\u00fchrenden Immobilienunternehmen zu gr\u00fcnden, ist es f\u00fcr uns an der Zeit, Ihnen dabei zu helfen, Ihren Traum Wirklichkeit werden zu [&hellip;]\" \/>\n<meta property=\"og:url\" content=\"https:\/\/www.onarestates.com\/de\/ueber-uns\/\" \/>\n<meta property=\"og:site_name\" content=\"Onar estates | \u05d4\u05e9\u05e7\u05e2\u05d5\u05ea \u05e0\u05d3\u05dc\u05df \u05d1\u05e7\u05e4\u05e8\u05d9\u05e1\u05d9\u05df |\" \/>\n<meta property=\"article:modified_time\" content=\"2024-11-18T10:46:56+00:00\" \/>\n<meta property=\"og:image\" content=\"https:\/\/www.onarestates.com\/wp-content\/uploads\/2024\/06\/iStock-16469148522.jpg\" \/>\n\t<meta property=\"og:image:width\" content=\"634\" \/>\n\t<meta property=\"og:image:height\" content=\"522\" \/>\n\t<meta property=\"og:image:type\" content=\"image\/jpeg\" \/>\n<meta name=\"twitter:card\" content=\"summary_large_image\" \/>\n<meta name=\"twitter:label1\" content=\"Gesch\u00e4tzte Lesezeit\" \/>\n\t<meta name=\"twitter:data1\" content=\"2\u00a0Minuten\" \/>\n<script type=\"application\/ld+json\" class=\"yoast-schema-graph\">{\"@context\":\"https:\/\/schema.org\",\"@graph\":[{\"@type\":\"WebPage\",\"@id\":\"https:\/\/www.onarestates.com\/de\/ueber-uns\/\",\"url\":\"https:\/\/www.onarestates.com\/de\/ueber-uns\/\",\"name\":\"\u00dcber uns - Onar estates | \u05d4\u05e9\u05e7\u05e2\u05d5\u05ea \u05e0\u05d3\u05dc\u05df \u05d1\u05e7\u05e4\u05e8\u05d9\u05e1\u05d9\u05df |\",\"isPartOf\":{\"@id\":\"https:\/\/www.onarestates.com\/de\/#website\"},\"primaryImageOfPage\":{\"@id\":\"https:\/\/www.onarestates.com\/de\/ueber-uns\/#primaryimage\"},\"image\":{\"@id\":\"https:\/\/www.onarestates.com\/de\/ueber-uns\/#primaryimage\"},\"thumbnailUrl\":\"https:\/\/www.onarestates.com\/wp-content\/uploads\/2024\/06\/iStock-16469148522.jpg\",\"datePublished\":\"2024-06-26T08:42:53+00:00\",\"dateModified\":\"2024-11-18T10:46:56+00:00\",\"breadcrumb\":{\"@id\":\"https:\/\/www.onarestates.com\/de\/ueber-uns\/#breadcrumb\"},\"inLanguage\":\"de\",\"potentialAction\":[{\"@type\":\"ReadAction\",\"target\":[\"https:\/\/www.onarestates.com\/de\/ueber-uns\/\"]}]},{\"@type\":\"ImageObject\",\"inLanguage\":\"de\",\"@id\":\"https:\/\/www.onarestates.com\/de\/ueber-uns\/#primaryimage\",\"url\":\"https:\/\/www.onarestates.com\/wp-content\/uploads\/2024\/06\/iStock-16469148522.jpg\",\"contentUrl\":\"https:\/\/www.onarestates.com\/wp-content\/uploads\/2024\/06\/iStock-16469148522.jpg\"},{\"@type\":\"BreadcrumbList\",\"@id\":\"https:\/\/www.onarestates.com\/de\/ueber-uns\/#breadcrumb\",\"itemListElement\":[{\"@type\":\"ListItem\",\"position\":1,\"name\":\"\u05d3\u05e3 \u05d4\u05d1\u05d9\u05ea\",\"item\":\"https:\/\/www.onarestates.com\/de\/\"},{\"@type\":\"ListItem\",\"position\":2,\"name\":\"\u00dcber uns\"}]},{\"@type\":\"WebSite\",\"@id\":\"https:\/\/www.onarestates.com\/de\/#website\",\"url\":\"https:\/\/www.onarestates.com\/de\/\",\"name\":\"\u05d3\u05d9\u05e8\u05d5\u05ea \u05dc\u05de\u05db\u05d9\u05e8\u05d4 \u05d1\u05e7\u05e4\u05e8\u05d9\u05e1\u05d9\u05df | \u05e4\u05e8\u05d5\u05d9\u05d9\u05e7\u05d8\u05d9\u05dd \u05e0\u05d3\u05dc\u05df \u05d1\u05e7\u05e4\u05e8\u05d9\u05e1\u05d9\u05df\",\"description\":\"\u05d1\u05ea\u05d9\u05dd \u05dc\u05de\u05db\u05d9\u05e8\u05d4 \u05d1\u05e7\u05e4\u05e8\u05d9\u05e1\u05d9\u05df\",\"publisher\":{\"@id\":\"https:\/\/www.onarestates.com\/de\/#organization\"},\"potentialAction\":[{\"@type\":\"SearchAction\",\"target\":{\"@type\":\"EntryPoint\",\"urlTemplate\":\"https:\/\/www.onarestates.com\/de\/?s={search_term_string}\"},\"query-input\":{\"@type\":\"PropertyValueSpecification\",\"valueRequired\":true,\"valueName\":\"search_term_string\"}}],\"inLanguage\":\"de\"},{\"@type\":\"Organization\",\"@id\":\"https:\/\/www.onarestates.com\/de\/#organization\",\"name\":\"Onar estates\",\"url\":\"https:\/\/www.onarestates.com\/de\/\",\"logo\":{\"@type\":\"ImageObject\",\"inLanguage\":\"de\",\"@id\":\"https:\/\/www.onarestates.com\/de\/#\/schema\/logo\/image\/\",\"url\":\"https:\/\/www.onarestates.com\/wp-content\/uploads\/2024\/06\/Group-32741.png\",\"contentUrl\":\"https:\/\/www.onarestates.com\/wp-content\/uploads\/2024\/06\/Group-32741.png\",\"width\":345,\"height\":188,\"caption\":\"Onar estates\"},\"image\":{\"@id\":\"https:\/\/www.onarestates.com\/de\/#\/schema\/logo\/image\/\"}}]}<\/script>\n<!-- \/ Yoast SEO plugin. -->","yoast_head_json":{"title":"\u00dcber uns - Onar estates | \u05d4\u05e9\u05e7\u05e2\u05d5\u05ea \u05e0\u05d3\u05dc\u05df \u05d1\u05e7\u05e4\u05e8\u05d9\u05e1\u05d9\u05df |","robots":{"index":"index","follow":"follow","max-snippet":"max-snippet:-1","max-image-preview":"max-image-preview:large","max-video-preview":"max-video-preview:-1"},"canonical":"https:\/\/www.onarestates.com\/de\/ueber-uns\/","og_locale":"de_DE","og_type":"article","og_title":"\u00dcber uns - Onar estates | \u05d4\u05e9\u05e7\u05e2\u05d5\u05ea \u05e0\u05d3\u05dc\u05df \u05d1\u05e7\u05e4\u05e8\u05d9\u05e1\u05d9\u05df |","og_description":"\u00dcber uns Es ist Zeit, Ihren Traum wahr werden zu lassen Im Altgriechischen bedeutet \u201eOnar\u201c &#8211; \u201eTraum\u201c.Mit uns wird Ihr Traum Wirklichkeit. Nachdem wir unseren Traum verwirklicht haben, nach Zypern zu ziehen und eines der f\u00fchrenden Immobilienunternehmen zu gr\u00fcnden, ist es f\u00fcr uns an der Zeit, Ihnen dabei zu helfen, Ihren Traum Wirklichkeit werden zu [&hellip;]","og_url":"https:\/\/www.onarestates.com\/de\/ueber-uns\/","og_site_name":"Onar estates | \u05d4\u05e9\u05e7\u05e2\u05d5\u05ea \u05e0\u05d3\u05dc\u05df \u05d1\u05e7\u05e4\u05e8\u05d9\u05e1\u05d9\u05df |","article_modified_time":"2024-11-18T10:46:56+00:00","og_image":[{"width":634,"height":522,"url":"https:\/\/www.onarestates.com\/wp-content\/uploads\/2024\/06\/iStock-16469148522.jpg","type":"image\/jpeg"}],"twitter_card":"summary_large_image","twitter_misc":{"Gesch\u00e4tzte Lesezeit":"2\u00a0Minuten"},"schema":{"@context":"https:\/\/schema.org","@graph":[{"@type":"WebPage","@id":"https:\/\/www.onarestates.com\/de\/ueber-uns\/","url":"https:\/\/www.onarestates.com\/de\/ueber-uns\/","name":"\u00dcber uns - Onar estates | \u05d4\u05e9\u05e7\u05e2\u05d5\u05ea \u05e0\u05d3\u05dc\u05df \u05d1\u05e7\u05e4\u05e8\u05d9\u05e1\u05d9\u05df |","isPartOf":{"@id":"https:\/\/www.onarestates.com\/de\/#website"},"primaryImageOfPage":{"@id":"https:\/\/www.onarestates.com\/de\/ueber-uns\/#primaryimage"},"image":{"@id":"https:\/\/www.onarestates.com\/de\/ueber-uns\/#primaryimage"},"thumbnailUrl":"https:\/\/www.onarestates.com\/wp-content\/uploads\/2024\/06\/iStock-16469148522.jpg","datePublished":"2024-06-26T08:42:53+00:00","dateModified":"2024-11-18T10:46:56+00:00","breadcrumb":{"@id":"https:\/\/www.onarestates.com\/de\/ueber-uns\/#breadcrumb"},"inLanguage":"de","potentialAction":[{"@type":"ReadAction","target":["https:\/\/www.onarestates.com\/de\/ueber-uns\/"]}]},{"@type":"ImageObject","inLanguage":"de","@id":"https:\/\/www.onarestates.com\/de\/ueber-uns\/#primaryimage","url":"https:\/\/www.onarestates.com\/wp-content\/uploads\/2024\/06\/iStock-16469148522.jpg","contentUrl":"https:\/\/www.onarestates.com\/wp-content\/uploads\/2024\/06\/iStock-16469148522.jpg"},{"@type":"BreadcrumbList","@id":"https:\/\/www.onarestates.com\/de\/ueber-uns\/#breadcrumb","itemListElement":[{"@type":"ListItem","position":1,"name":"\u05d3\u05e3 \u05d4\u05d1\u05d9\u05ea","item":"https:\/\/www.onarestates.com\/de\/"},{"@type":"ListItem","position":2,"name":"\u00dcber uns"}]},{"@type":"WebSite","@id":"https:\/\/www.onarestates.com\/de\/#website","url":"https:\/\/www.onarestates.com\/de\/","name":"\u05d3\u05d9\u05e8\u05d5\u05ea \u05dc\u05de\u05db\u05d9\u05e8\u05d4 \u05d1\u05e7\u05e4\u05e8\u05d9\u05e1\u05d9\u05df | \u05e4\u05e8\u05d5\u05d9\u05d9\u05e7\u05d8\u05d9\u05dd \u05e0\u05d3\u05dc\u05df \u05d1\u05e7\u05e4\u05e8\u05d9\u05e1\u05d9\u05df","description":"\u05d1\u05ea\u05d9\u05dd \u05dc\u05de\u05db\u05d9\u05e8\u05d4 \u05d1\u05e7\u05e4\u05e8\u05d9\u05e1\u05d9\u05df","publisher":{"@id":"https:\/\/www.onarestates.com\/de\/#organization"},"potentialAction":[{"@type":"SearchAction","target":{"@type":"EntryPoint","urlTemplate":"https:\/\/www.onarestates.com\/de\/?s={search_term_string}"},"query-input":{"@type":"PropertyValueSpecification","valueRequired":true,"valueName":"search_term_string"}}],"inLanguage":"de"},{"@type":"Organization","@id":"https:\/\/www.onarestates.com\/de\/#organization","name":"Onar estates","url":"https:\/\/www.onarestates.com\/de\/","logo":{"@type":"ImageObject","inLanguage":"de","@id":"https:\/\/www.onarestates.com\/de\/#\/schema\/logo\/image\/","url":"https:\/\/www.onarestates.com\/wp-content\/uploads\/2024\/06\/Group-32741.png","contentUrl":"https:\/\/www.onarestates.com\/wp-content\/uploads\/2024\/06\/Group-32741.png","width":345,"height":188,"caption":"Onar estates"},"image":{"@id":"https:\/\/www.onarestates.com\/de\/#\/schema\/logo\/image\/"}}]}},"_links":{"self":[{"href":"https:\/\/www.onarestates.com\/de\/wp-json\/wp\/v2\/pages\/2452","targetHints":{"allow":["GET"]}}],"collection":[{"href":"https:\/\/www.onarestates.com\/de\/wp-json\/wp\/v2\/pages"}],"about":[{"href":"https:\/\/www.onarestates.com\/de\/wp-json\/wp\/v2\/types\/page"}],"author":[{"embeddable":true,"href":"https:\/\/www.onarestates.com\/de\/wp-json\/wp\/v2\/users\/1"}],"replies":[{"embeddable":true,"href":"https:\/\/www.onarestates.com\/de\/wp-json\/wp\/v2\/comments?post=2452"}],"version-history":[{"count":1,"href":"https:\/\/www.onarestates.com\/de\/wp-json\/wp\/v2\/pages\/2452\/revisions"}],"predecessor-version":[{"id":2453,"href":"https:\/\/www.onarestates.com\/de\/wp-json\/wp\/v2\/pages\/2452\/revisions\/2453"}],"wp:attachment":[{"href":"https:\/\/www.onarestates.com\/de\/wp-json\/wp\/v2\/media?parent=2452"}],"curies":[{"name":"wp","href":"https:\/\/api.w.org\/{rel}","templated":true}]}}