{"id":2527,"date":"2024-07-07T11:11:36","date_gmt":"2024-07-07T11:11:36","guid":{"rendered":"https:\/\/www.onarestates.com\/besteuerung-und-staendiger-wohnsitz\/"},"modified":"2024-11-18T12:23:57","modified_gmt":"2024-11-18T12:23:57","slug":"besteuerung-und-staendiger-wohnsitz","status":"publish","type":"page","link":"https:\/\/www.onarestates.com\/de\/besteuerung-und-staendiger-wohnsitz\/","title":{"rendered":"Besteuerung und st\u00e4ndiger Wohnsitz"},"content":{"rendered":"\t\t<div data-elementor-type=\"wp-page\" data-elementor-id=\"2527\" class=\"elementor elementor-2527 elementor-1859\" data-elementor-post-type=\"page\">\n\t\t\t\t<div class=\"elementor-element elementor-element-e16402b e-con-full e-flex e-con e-child\" data-id=\"e16402b\" data-element_type=\"container\" data-e-type=\"container\" data-settings=\"{&quot;background_background&quot;:&quot;classic&quot;}\">\n\t\t<div class=\"elementor-element elementor-element-78047f3 e-flex e-con-boxed e-con e-child\" data-id=\"78047f3\" data-element_type=\"container\" data-e-type=\"container\" data-settings=\"{&quot;background_background&quot;:&quot;slideshow&quot;,&quot;background_slideshow_gallery&quot;:[{&quot;id&quot;:2127,&quot;url&quot;:&quot;http:\\\/\\\/www.onarestates.com\\\/wp-content\\\/uploads\\\/2024\\\/09\\\/inner-banner-pic.png&quot;}],&quot;background_slideshow_loop&quot;:&quot;yes&quot;,&quot;background_slideshow_slide_duration&quot;:5000,&quot;background_slideshow_slide_transition&quot;:&quot;fade&quot;,&quot;background_slideshow_transition_duration&quot;:500}\">\n\t\t\t\t\t<div class=\"e-con-inner\">\n\t\t\t\t<div class=\"elementor-element elementor-element-b42b8c8 elementor-widget elementor-widget-heading\" data-id=\"b42b8c8\" data-element_type=\"widget\" data-e-type=\"widget\" data-widget_type=\"heading.default\">\n\t\t\t\t<div class=\"elementor-widget-container\">\n\t\t\t\t\t<h2 class=\"elementor-heading-title elementor-size-default\">Besteuerung und st\u00e4ndiger Wohnsitz<\/h2>\t\t\t\t<\/div>\n\t\t\t\t<\/div>\n\t\t\t\t\t<\/div>\n\t\t\t\t<\/div>\n\t\t\t\t<\/div>\n\t\t<div class=\"elementor-element elementor-element-af2fe17 e-flex e-con-boxed e-con e-child\" data-id=\"af2fe17\" data-element_type=\"container\" data-e-type=\"container\">\n\t\t\t\t\t<div class=\"e-con-inner\">\n\t\t<div class=\"elementor-element elementor-element-5ad722f e-con-full e-flex e-con e-child\" data-id=\"5ad722f\" data-element_type=\"container\" data-e-type=\"container\">\n\t\t\t\t<div class=\"elementor-element elementor-element-c31c0a2 elementor-widget elementor-widget-text-editor\" data-id=\"c31c0a2\" data-element_type=\"widget\" data-e-type=\"widget\" data-widget_type=\"text-editor.default\">\n\t\t\t\t<div class=\"elementor-widget-container\">\n\t\t\t\t\t\t\t\t\t<p><span style=\"color: var( --e-global-color-text );\">Besteuerung und dauerhafter Wohnsitz in Zypern sind wichtig f\u00fcr Einzelpersonen und Unternehmen, die die steuerlichen Vorteile des Landes nutzen m\u00f6chten. Zypern ist aufgrund seiner g\u00fcnstigen Steuerpolitik, seines fortschrittlichen Bankensystems und seines stabilen Rechtsumfelds zu einem attraktiven Ziel f\u00fcr Investoren, Gesch\u00e4ftsleute und Rentner geworden.  <\/span><\/p>\n<h2>Steuersystem in Zypern<\/h2>\n<h3>Einzelpersonenbesteuerung<\/h3>\n<p>In Zypern ist die Einzelpersonenbesteuerung progressiv, d. h. der Steuersatz steigt mit steigendem Einkommen. F\u00fcr Einwohner Zyperns unterliegt das pers\u00f6nliche Einkommen, das \u00fcberall auf der Welt erzielt wird, der Steuer.  <\/p>\n<h4>J\u00e4hrliche Steuerklassen:<\/h4>\n<ul>\n<li>\u00b7 Einkommen bis zu 19.500 \u20ac \u2013 steuerfrei.<\/li>\n<li>\u00b7 19.501\u201328.000 \u20ac \u2013 20 % Steuern<\/li>\n<li>\u00b7 28.001\u201336.300 \u20ac \u2013 25 % Steuern<\/li>\n<li> \u00b7 36.301\u201360.000 \u20ac \u2013 30 % Steuern<\/li>\n<li> \u00b7 60.000 \u20ac+ \u2013 35 % Steuern<\/li>\n<\/ul>\n<h3> K\u00f6rperschaftssteuer<\/h3>\n<p>Der Steuersatz auf Unternehmensgewinne in Zypern geh\u00f6rt mit insgesamt 12,5 % zu den niedrigsten in der EU. Unternehmen in Zypern genie\u00dfen bequeme Steuerbedingungen, darunter Abkommen zur Vermeidung der Doppelbesteuerung mit \u00fcber 60 L\u00e4ndern, darunter viele L\u00e4nder in Europa, Asien und Amerika.  <\/p>\n<h2>Daueraufenthalt in Zypern<\/h2>\n<h3>Erlangung eines Daueraufenthalts<\/h3>\n<p>Es gibt mehrere M\u00f6glichkeiten, einen Daueraufenthalt in Zypern zu erhalten. Die beliebteste ist die Investition in Immobilien. Bei dieser M\u00f6glichkeit m\u00fcssen nicht-europ\u00e4ische Investoren eine Immobilie im Wert von mindestens 300.000 \u20ac in Zypern erwerben.   <br>F\u00fcr die EU-B\u00fcrger ist das nicht notwendig<\/p>\n<h3>Vorteile einer Aufenthaltserlaubnis<\/h3>\n<p>Niedrige Besteuerung \u2013 Eine Aufenthaltserlaubnis auf Zypern bietet Zugang zu einem bequemen und attraktiven Steuersystem.<\/p>\n<p>Hohe Lebensqualit\u00e4t \u2013 Zypern bietet eine hohe Lebensqualit\u00e4t mit angenehmem Klima, einem fortschrittlichen Gesundheitssystem und einem guten Bildungssystem.<\/p>\n<p>Zugang zum europ\u00e4ischen Markt \u2013 Eine Aufenthaltserlaubnis auf Zypern erm\u00f6glicht freien Zugang zum europ\u00e4ischen Markt und den EU-Staaten.<\/p>\n<p>Freundliches Gesch\u00e4ftsumfeld \u2013 Zypern gilt als eines der wirtschaftsfreundlichsten L\u00e4nder mit fortschrittlicher Infrastruktur und modernem Bankensystem.<\/p>\n<h2>Conclusions<\/h2>\n<p>Zypern bietet eine Reihe von Vorteilen in Bezug auf Besteuerung und Daueraufenthalt und ist daher ein attraktives Ziel f\u00fcr Investoren, Gesch\u00e4ftsleute und Rentner. Das bequeme Steuersystem sowie die hohe Lebensqualit\u00e4t und das freundliche Gesch\u00e4ftsumfeld schaffen ideale Bedingungen f\u00fcr alle, die ihr finanzielles und pers\u00f6nliches Leben verbessern m\u00f6chten.  <\/p>\n\t\t\t\t\t\t\t\t<\/div>\n\t\t\t\t<\/div>\n\t\t\t\t<\/div>\n\t\t<div class=\"elementor-element elementor-element-ca088f0 e-con-full e-flex e-con e-child\" data-id=\"ca088f0\" data-element_type=\"container\" data-e-type=\"container\">\n\t\t\t\t<div class=\"elementor-element elementor-element-49fc043 elementor-widget elementor-widget-image\" data-id=\"49fc043\" data-element_type=\"widget\" data-e-type=\"widget\" data-widget_type=\"image.default\">\n\t\t\t\t<div class=\"elementor-widget-container\">\n\t\t\t\t\t\t\t\t\t\t\t\t\t\t\t<img fetchpriority=\"high\" decoding=\"async\" width=\"800\" height=\"534\" src=\"https:\/\/www.onarestates.com\/wp-content\/uploads\/2024\/07\/iStock-1140474901-1024x683.jpg\" class=\"attachment-large size-large wp-image-1003\" alt=\"\u05d9\u05ea\u05e8\u05d5\u05e0\u05d5\u05ea \u05d4\u05d4\u05e9\u05e7\u05e2\u05d4 \u05d1\u05e4\u05d0\u05e4\u05d5\u05e1\" srcset=\"https:\/\/www.onarestates.com\/wp-content\/uploads\/2024\/07\/iStock-1140474901-1024x683.jpg 1024w, https:\/\/www.onarestates.com\/wp-content\/uploads\/2024\/07\/iStock-1140474901-300x200.jpg 300w, https:\/\/www.onarestates.com\/wp-content\/uploads\/2024\/07\/iStock-1140474901-768x512.jpg 768w, https:\/\/www.onarestates.com\/wp-content\/uploads\/2024\/07\/iStock-1140474901.jpg 1200w\" sizes=\"(max-width: 800px) 100vw, 800px\" \/>\t\t\t\t\t\t\t\t\t\t\t\t\t\t\t<\/div>\n\t\t\t\t<\/div>\n\t\t\t\t<div class=\"elementor-element elementor-element-f9fea2f elementor-widget elementor-widget-image\" data-id=\"f9fea2f\" data-element_type=\"widget\" data-e-type=\"widget\" data-widget_type=\"image.default\">\n\t\t\t\t<div class=\"elementor-widget-container\">\n\t\t\t\t\t\t\t\t\t\t\t\t\t\t\t<img decoding=\"async\" width=\"800\" height=\"381\" src=\"https:\/\/www.onarestates.com\/wp-content\/uploads\/2024\/07\/iStock-960357502-1024x488.jpg\" class=\"attachment-large size-large wp-image-1007\" alt=\"\u05de\u05d9\u05e1\u05d5\u05d9 \u05d5\u05ea\u05d5\u05e9\u05d1\u05d5\u05ea \u05e7\u05d1\u05e2\" srcset=\"https:\/\/www.onarestates.com\/wp-content\/uploads\/2024\/07\/iStock-960357502-1024x488.jpg 1024w, https:\/\/www.onarestates.com\/wp-content\/uploads\/2024\/07\/iStock-960357502-300x143.jpg 300w, https:\/\/www.onarestates.com\/wp-content\/uploads\/2024\/07\/iStock-960357502-768x366.jpg 768w, https:\/\/www.onarestates.com\/wp-content\/uploads\/2024\/07\/iStock-960357502.jpg 1200w\" sizes=\"(max-width: 800px) 100vw, 800px\" \/>\t\t\t\t\t\t\t\t\t\t\t\t\t\t\t<\/div>\n\t\t\t\t<\/div>\n\t\t\t\t<div class=\"elementor-element elementor-element-b70c2bf elementor-widget elementor-widget-image\" data-id=\"b70c2bf\" data-element_type=\"widget\" data-e-type=\"widget\" data-widget_type=\"image.default\">\n\t\t\t\t<div class=\"elementor-widget-container\">\n\t\t\t\t\t\t\t\t\t\t\t\t\t\t\t<img decoding=\"async\" width=\"800\" height=\"534\" src=\"https:\/\/www.onarestates.com\/wp-content\/uploads\/2024\/07\/iStock-656315426-1024x683.jpg\" class=\"attachment-large size-large wp-image-1011\" alt=\"\u05d9\u05ea\u05e8\u05d5\u05e0\u05d5\u05ea \u05d4\u05d4\u05e9\u05e7\u05e2\u05d4 \u05d1\u05e4\u05d0\u05e4\u05d5\u05e1\" srcset=\"https:\/\/www.onarestates.com\/wp-content\/uploads\/2024\/07\/iStock-656315426-1024x683.jpg 1024w, https:\/\/www.onarestates.com\/wp-content\/uploads\/2024\/07\/iStock-656315426-300x200.jpg 300w, https:\/\/www.onarestates.com\/wp-content\/uploads\/2024\/07\/iStock-656315426-768x512.jpg 768w, https:\/\/www.onarestates.com\/wp-content\/uploads\/2024\/07\/iStock-656315426.jpg 1200w\" sizes=\"(max-width: 800px) 100vw, 800px\" \/>\t\t\t\t\t\t\t\t\t\t\t\t\t\t\t<\/div>\n\t\t\t\t<\/div>\n\t\t\t\t<\/div>\n\t\t\t\t\t<\/div>\n\t\t\t\t<\/div>\n\t\t\t\t<\/div>\n\t\t","protected":false},"excerpt":{"rendered":"<p>Besteuerung und dauerhafter Wohnsitz in Zypern sind wichtig f\u00fcr Einzelpersonen und Unternehmen, die die steuerlichen Vorteile des Landes nutzen m\u00f6chten. Zypern ist aufgrund seiner g\u00fcnstigen Steuerpolitik, seines fortschrittlichen Bankensystems und seines stabilen Rechtsumfelds zu einem attraktiven Ziel f\u00fcr Investoren, Gesch\u00e4ftsleute und Rentner geworden. Steuersystem in Zypern Einzelpersonenbesteuerung In Zypern ist die Einzelpersonenbesteuerung progressiv, d. h. [&hellip;]<\/p>\n","protected":false},"author":1,"featured_media":0,"parent":0,"menu_order":0,"comment_status":"closed","ping_status":"closed","template":"","meta":{"_acf_changed":false,"footnotes":""},"class_list":["post-2527","page","type-page","status-publish","hentry"],"acf":[],"yoast_head":"<!-- This site is optimized with the Yoast SEO plugin v27.2 - https:\/\/yoast.com\/product\/yoast-seo-wordpress\/ -->\n<title>Besteuerung und st\u00e4ndiger Wohnsitz - Onar estates | \u05d4\u05e9\u05e7\u05e2\u05d5\u05ea \u05e0\u05d3\u05dc\u05df \u05d1\u05e7\u05e4\u05e8\u05d9\u05e1\u05d9\u05df |<\/title>\n<meta name=\"description\" content=\"Besteuerung und dauerhafter Wohnsitz in Zypern sind wichtig f\u00fcr Einzelpersonen und Unternehmen, die die steuerlichen Vorteile des Landes nutzen m\u00f6chten.\" \/>\n<meta name=\"robots\" content=\"index, follow, max-snippet:-1, max-image-preview:large, max-video-preview:-1\" \/>\n<link rel=\"canonical\" href=\"https:\/\/www.onarestates.com\/de\/besteuerung-und-staendiger-wohnsitz\/\" \/>\n<meta property=\"og:locale\" content=\"de_DE\" \/>\n<meta property=\"og:type\" content=\"article\" \/>\n<meta property=\"og:title\" content=\"Besteuerung und st\u00e4ndiger Wohnsitz - Onar estates | \u05d4\u05e9\u05e7\u05e2\u05d5\u05ea \u05e0\u05d3\u05dc\u05df \u05d1\u05e7\u05e4\u05e8\u05d9\u05e1\u05d9\u05df |\" \/>\n<meta property=\"og:description\" content=\"Besteuerung und dauerhafter Wohnsitz in Zypern sind wichtig f\u00fcr Einzelpersonen und Unternehmen, die die steuerlichen Vorteile des Landes nutzen m\u00f6chten.\" \/>\n<meta property=\"og:url\" content=\"https:\/\/www.onarestates.com\/de\/besteuerung-und-staendiger-wohnsitz\/\" \/>\n<meta property=\"og:site_name\" content=\"Onar estates | \u05d4\u05e9\u05e7\u05e2\u05d5\u05ea \u05e0\u05d3\u05dc\u05df \u05d1\u05e7\u05e4\u05e8\u05d9\u05e1\u05d9\u05df |\" \/>\n<meta property=\"article:modified_time\" content=\"2024-11-18T12:23:57+00:00\" \/>\n<meta property=\"og:image\" content=\"https:\/\/www.onarestates.com\/wp-content\/uploads\/2024\/07\/iStock-1140474901.jpg\" \/>\n\t<meta property=\"og:image:width\" content=\"1200\" \/>\n\t<meta property=\"og:image:height\" content=\"800\" \/>\n\t<meta property=\"og:image:type\" content=\"image\/jpeg\" \/>\n<meta name=\"twitter:card\" content=\"summary_large_image\" \/>\n<meta name=\"twitter:label1\" content=\"Gesch\u00e4tzte Lesezeit\" \/>\n\t<meta name=\"twitter:data1\" content=\"2\u00a0Minuten\" \/>\n<script type=\"application\/ld+json\" class=\"yoast-schema-graph\">{\"@context\":\"https:\/\/schema.org\",\"@graph\":[{\"@type\":\"WebPage\",\"@id\":\"https:\/\/www.onarestates.com\/de\/besteuerung-und-staendiger-wohnsitz\/\",\"url\":\"https:\/\/www.onarestates.com\/de\/besteuerung-und-staendiger-wohnsitz\/\",\"name\":\"Besteuerung und st\u00e4ndiger Wohnsitz - Onar estates | \u05d4\u05e9\u05e7\u05e2\u05d5\u05ea \u05e0\u05d3\u05dc\u05df \u05d1\u05e7\u05e4\u05e8\u05d9\u05e1\u05d9\u05df |\",\"isPartOf\":{\"@id\":\"https:\/\/www.onarestates.com\/de\/#website\"},\"primaryImageOfPage\":{\"@id\":\"https:\/\/www.onarestates.com\/de\/besteuerung-und-staendiger-wohnsitz\/#primaryimage\"},\"image\":{\"@id\":\"https:\/\/www.onarestates.com\/de\/besteuerung-und-staendiger-wohnsitz\/#primaryimage\"},\"thumbnailUrl\":\"https:\/\/www.onarestates.com\/wp-content\/uploads\/2024\/07\/iStock-1140474901-1024x683.jpg\",\"datePublished\":\"2024-07-07T11:11:36+00:00\",\"dateModified\":\"2024-11-18T12:23:57+00:00\",\"description\":\"Besteuerung und dauerhafter Wohnsitz in Zypern sind wichtig f\u00fcr Einzelpersonen und Unternehmen, die die steuerlichen Vorteile des Landes nutzen m\u00f6chten.\",\"breadcrumb\":{\"@id\":\"https:\/\/www.onarestates.com\/de\/besteuerung-und-staendiger-wohnsitz\/#breadcrumb\"},\"inLanguage\":\"de\",\"potentialAction\":[{\"@type\":\"ReadAction\",\"target\":[\"https:\/\/www.onarestates.com\/de\/besteuerung-und-staendiger-wohnsitz\/\"]}]},{\"@type\":\"ImageObject\",\"inLanguage\":\"de\",\"@id\":\"https:\/\/www.onarestates.com\/de\/besteuerung-und-staendiger-wohnsitz\/#primaryimage\",\"url\":\"https:\/\/www.onarestates.com\/wp-content\/uploads\/2024\/07\/iStock-1140474901-1024x683.jpg\",\"contentUrl\":\"https:\/\/www.onarestates.com\/wp-content\/uploads\/2024\/07\/iStock-1140474901-1024x683.jpg\"},{\"@type\":\"BreadcrumbList\",\"@id\":\"https:\/\/www.onarestates.com\/de\/besteuerung-und-staendiger-wohnsitz\/#breadcrumb\",\"itemListElement\":[{\"@type\":\"ListItem\",\"position\":1,\"name\":\"\u05d3\u05e3 \u05d4\u05d1\u05d9\u05ea\",\"item\":\"https:\/\/www.onarestates.com\/de\/\"},{\"@type\":\"ListItem\",\"position\":2,\"name\":\"Besteuerung und st\u00e4ndiger Wohnsitz\"}]},{\"@type\":\"WebSite\",\"@id\":\"https:\/\/www.onarestates.com\/de\/#website\",\"url\":\"https:\/\/www.onarestates.com\/de\/\",\"name\":\"\u05d3\u05d9\u05e8\u05d5\u05ea \u05dc\u05de\u05db\u05d9\u05e8\u05d4 \u05d1\u05e7\u05e4\u05e8\u05d9\u05e1\u05d9\u05df | \u05e4\u05e8\u05d5\u05d9\u05d9\u05e7\u05d8\u05d9\u05dd \u05e0\u05d3\u05dc\u05df \u05d1\u05e7\u05e4\u05e8\u05d9\u05e1\u05d9\u05df\",\"description\":\"\u05d1\u05ea\u05d9\u05dd \u05dc\u05de\u05db\u05d9\u05e8\u05d4 \u05d1\u05e7\u05e4\u05e8\u05d9\u05e1\u05d9\u05df\",\"publisher\":{\"@id\":\"https:\/\/www.onarestates.com\/de\/#organization\"},\"potentialAction\":[{\"@type\":\"SearchAction\",\"target\":{\"@type\":\"EntryPoint\",\"urlTemplate\":\"https:\/\/www.onarestates.com\/de\/?s={search_term_string}\"},\"query-input\":{\"@type\":\"PropertyValueSpecification\",\"valueRequired\":true,\"valueName\":\"search_term_string\"}}],\"inLanguage\":\"de\"},{\"@type\":\"Organization\",\"@id\":\"https:\/\/www.onarestates.com\/de\/#organization\",\"name\":\"Onar estates\",\"url\":\"https:\/\/www.onarestates.com\/de\/\",\"logo\":{\"@type\":\"ImageObject\",\"inLanguage\":\"de\",\"@id\":\"https:\/\/www.onarestates.com\/de\/#\/schema\/logo\/image\/\",\"url\":\"https:\/\/www.onarestates.com\/wp-content\/uploads\/2024\/06\/Group-32741.png\",\"contentUrl\":\"https:\/\/www.onarestates.com\/wp-content\/uploads\/2024\/06\/Group-32741.png\",\"width\":345,\"height\":188,\"caption\":\"Onar estates\"},\"image\":{\"@id\":\"https:\/\/www.onarestates.com\/de\/#\/schema\/logo\/image\/\"}}]}<\/script>\n<!-- \/ Yoast SEO plugin. -->","yoast_head_json":{"title":"Besteuerung und st\u00e4ndiger Wohnsitz - Onar estates | \u05d4\u05e9\u05e7\u05e2\u05d5\u05ea \u05e0\u05d3\u05dc\u05df \u05d1\u05e7\u05e4\u05e8\u05d9\u05e1\u05d9\u05df |","description":"Besteuerung und dauerhafter Wohnsitz in Zypern sind wichtig f\u00fcr Einzelpersonen und Unternehmen, die die steuerlichen Vorteile des Landes nutzen m\u00f6chten.","robots":{"index":"index","follow":"follow","max-snippet":"max-snippet:-1","max-image-preview":"max-image-preview:large","max-video-preview":"max-video-preview:-1"},"canonical":"https:\/\/www.onarestates.com\/de\/besteuerung-und-staendiger-wohnsitz\/","og_locale":"de_DE","og_type":"article","og_title":"Besteuerung und st\u00e4ndiger Wohnsitz - Onar estates | \u05d4\u05e9\u05e7\u05e2\u05d5\u05ea \u05e0\u05d3\u05dc\u05df \u05d1\u05e7\u05e4\u05e8\u05d9\u05e1\u05d9\u05df |","og_description":"Besteuerung und dauerhafter Wohnsitz in Zypern sind wichtig f\u00fcr Einzelpersonen und Unternehmen, die die steuerlichen Vorteile des Landes nutzen m\u00f6chten.","og_url":"https:\/\/www.onarestates.com\/de\/besteuerung-und-staendiger-wohnsitz\/","og_site_name":"Onar estates | \u05d4\u05e9\u05e7\u05e2\u05d5\u05ea \u05e0\u05d3\u05dc\u05df \u05d1\u05e7\u05e4\u05e8\u05d9\u05e1\u05d9\u05df |","article_modified_time":"2024-11-18T12:23:57+00:00","og_image":[{"width":1200,"height":800,"url":"https:\/\/www.onarestates.com\/wp-content\/uploads\/2024\/07\/iStock-1140474901.jpg","type":"image\/jpeg"}],"twitter_card":"summary_large_image","twitter_misc":{"Gesch\u00e4tzte Lesezeit":"2\u00a0Minuten"},"schema":{"@context":"https:\/\/schema.org","@graph":[{"@type":"WebPage","@id":"https:\/\/www.onarestates.com\/de\/besteuerung-und-staendiger-wohnsitz\/","url":"https:\/\/www.onarestates.com\/de\/besteuerung-und-staendiger-wohnsitz\/","name":"Besteuerung und st\u00e4ndiger Wohnsitz - Onar estates | \u05d4\u05e9\u05e7\u05e2\u05d5\u05ea \u05e0\u05d3\u05dc\u05df \u05d1\u05e7\u05e4\u05e8\u05d9\u05e1\u05d9\u05df |","isPartOf":{"@id":"https:\/\/www.onarestates.com\/de\/#website"},"primaryImageOfPage":{"@id":"https:\/\/www.onarestates.com\/de\/besteuerung-und-staendiger-wohnsitz\/#primaryimage"},"image":{"@id":"https:\/\/www.onarestates.com\/de\/besteuerung-und-staendiger-wohnsitz\/#primaryimage"},"thumbnailUrl":"https:\/\/www.onarestates.com\/wp-content\/uploads\/2024\/07\/iStock-1140474901-1024x683.jpg","datePublished":"2024-07-07T11:11:36+00:00","dateModified":"2024-11-18T12:23:57+00:00","description":"Besteuerung und dauerhafter Wohnsitz in Zypern sind wichtig f\u00fcr Einzelpersonen und Unternehmen, die die steuerlichen Vorteile des Landes nutzen m\u00f6chten.","breadcrumb":{"@id":"https:\/\/www.onarestates.com\/de\/besteuerung-und-staendiger-wohnsitz\/#breadcrumb"},"inLanguage":"de","potentialAction":[{"@type":"ReadAction","target":["https:\/\/www.onarestates.com\/de\/besteuerung-und-staendiger-wohnsitz\/"]}]},{"@type":"ImageObject","inLanguage":"de","@id":"https:\/\/www.onarestates.com\/de\/besteuerung-und-staendiger-wohnsitz\/#primaryimage","url":"https:\/\/www.onarestates.com\/wp-content\/uploads\/2024\/07\/iStock-1140474901-1024x683.jpg","contentUrl":"https:\/\/www.onarestates.com\/wp-content\/uploads\/2024\/07\/iStock-1140474901-1024x683.jpg"},{"@type":"BreadcrumbList","@id":"https:\/\/www.onarestates.com\/de\/besteuerung-und-staendiger-wohnsitz\/#breadcrumb","itemListElement":[{"@type":"ListItem","position":1,"name":"\u05d3\u05e3 \u05d4\u05d1\u05d9\u05ea","item":"https:\/\/www.onarestates.com\/de\/"},{"@type":"ListItem","position":2,"name":"Besteuerung und st\u00e4ndiger Wohnsitz"}]},{"@type":"WebSite","@id":"https:\/\/www.onarestates.com\/de\/#website","url":"https:\/\/www.onarestates.com\/de\/","name":"\u05d3\u05d9\u05e8\u05d5\u05ea \u05dc\u05de\u05db\u05d9\u05e8\u05d4 \u05d1\u05e7\u05e4\u05e8\u05d9\u05e1\u05d9\u05df | \u05e4\u05e8\u05d5\u05d9\u05d9\u05e7\u05d8\u05d9\u05dd \u05e0\u05d3\u05dc\u05df \u05d1\u05e7\u05e4\u05e8\u05d9\u05e1\u05d9\u05df","description":"\u05d1\u05ea\u05d9\u05dd \u05dc\u05de\u05db\u05d9\u05e8\u05d4 \u05d1\u05e7\u05e4\u05e8\u05d9\u05e1\u05d9\u05df","publisher":{"@id":"https:\/\/www.onarestates.com\/de\/#organization"},"potentialAction":[{"@type":"SearchAction","target":{"@type":"EntryPoint","urlTemplate":"https:\/\/www.onarestates.com\/de\/?s={search_term_string}"},"query-input":{"@type":"PropertyValueSpecification","valueRequired":true,"valueName":"search_term_string"}}],"inLanguage":"de"},{"@type":"Organization","@id":"https:\/\/www.onarestates.com\/de\/#organization","name":"Onar estates","url":"https:\/\/www.onarestates.com\/de\/","logo":{"@type":"ImageObject","inLanguage":"de","@id":"https:\/\/www.onarestates.com\/de\/#\/schema\/logo\/image\/","url":"https:\/\/www.onarestates.com\/wp-content\/uploads\/2024\/06\/Group-32741.png","contentUrl":"https:\/\/www.onarestates.com\/wp-content\/uploads\/2024\/06\/Group-32741.png","width":345,"height":188,"caption":"Onar estates"},"image":{"@id":"https:\/\/www.onarestates.com\/de\/#\/schema\/logo\/image\/"}}]}},"_links":{"self":[{"href":"https:\/\/www.onarestates.com\/de\/wp-json\/wp\/v2\/pages\/2527","targetHints":{"allow":["GET"]}}],"collection":[{"href":"https:\/\/www.onarestates.com\/de\/wp-json\/wp\/v2\/pages"}],"about":[{"href":"https:\/\/www.onarestates.com\/de\/wp-json\/wp\/v2\/types\/page"}],"author":[{"embeddable":true,"href":"https:\/\/www.onarestates.com\/de\/wp-json\/wp\/v2\/users\/1"}],"replies":[{"embeddable":true,"href":"https:\/\/www.onarestates.com\/de\/wp-json\/wp\/v2\/comments?post=2527"}],"version-history":[{"count":1,"href":"https:\/\/www.onarestates.com\/de\/wp-json\/wp\/v2\/pages\/2527\/revisions"}],"predecessor-version":[{"id":2528,"href":"https:\/\/www.onarestates.com\/de\/wp-json\/wp\/v2\/pages\/2527\/revisions\/2528"}],"wp:attachment":[{"href":"https:\/\/www.onarestates.com\/de\/wp-json\/wp\/v2\/media?parent=2527"}],"curies":[{"name":"wp","href":"https:\/\/api.w.org\/{rel}","templated":true}]}}