{"id":2529,"date":"2024-07-07T08:09:37","date_gmt":"2024-07-07T08:09:37","guid":{"rendered":"https:\/\/www.onarestates.com\/vorteile-einer-investition-in-paphos\/"},"modified":"2024-11-18T12:29:04","modified_gmt":"2024-11-18T12:29:04","slug":"vorteile-einer-investition-in-paphos","status":"publish","type":"page","link":"https:\/\/www.onarestates.com\/de\/vorteile-einer-investition-in-paphos\/","title":{"rendered":"Vorteile einer Investition in Paphos"},"content":{"rendered":"\t\t<div data-elementor-type=\"wp-page\" data-elementor-id=\"2529\" class=\"elementor elementor-2529 elementor-1861\" data-elementor-post-type=\"page\">\n\t\t\t\t<div class=\"elementor-element elementor-element-3c5fed3 e-con-full e-flex e-con e-child\" data-id=\"3c5fed3\" data-element_type=\"container\" data-e-type=\"container\" data-settings=\"{&quot;background_background&quot;:&quot;classic&quot;}\">\n\t\t<div class=\"elementor-element elementor-element-161d893 e-flex e-con-boxed e-con e-child\" data-id=\"161d893\" data-element_type=\"container\" data-e-type=\"container\" data-settings=\"{&quot;background_background&quot;:&quot;slideshow&quot;,&quot;background_slideshow_gallery&quot;:[{&quot;id&quot;:2126,&quot;url&quot;:&quot;http:\\\/\\\/www.onarestates.com\\\/wp-content\\\/uploads\\\/2024\\\/09\\\/inner-banner-pic.png&quot;}],&quot;background_slideshow_loop&quot;:&quot;yes&quot;,&quot;background_slideshow_slide_duration&quot;:5000,&quot;background_slideshow_slide_transition&quot;:&quot;fade&quot;,&quot;background_slideshow_transition_duration&quot;:500}\">\n\t\t\t\t\t<div class=\"e-con-inner\">\n\t\t\t\t<div class=\"elementor-element elementor-element-cc6d93c elementor-widget elementor-widget-heading\" data-id=\"cc6d93c\" data-element_type=\"widget\" data-e-type=\"widget\" data-widget_type=\"heading.default\">\n\t\t\t\t<div class=\"elementor-widget-container\">\n\t\t\t\t\t<h2 class=\"elementor-heading-title elementor-size-default\">Vorteile einer Investition in Paphos<\/h2>\t\t\t\t<\/div>\n\t\t\t\t<\/div>\n\t\t\t\t\t<\/div>\n\t\t\t\t<\/div>\n\t\t\t\t<\/div>\n\t\t<div class=\"elementor-element elementor-element-af2fe17 e-flex e-con-boxed e-con e-child\" data-id=\"af2fe17\" data-element_type=\"container\" data-e-type=\"container\">\n\t\t\t\t\t<div class=\"e-con-inner\">\n\t\t<div class=\"elementor-element elementor-element-5ad722f e-con-full e-flex e-con e-child\" data-id=\"5ad722f\" data-element_type=\"container\" data-e-type=\"container\">\n\t\t\t\t<div class=\"elementor-element elementor-element-c31c0a2 elementor-widget elementor-widget-text-editor\" data-id=\"c31c0a2\" data-element_type=\"widget\" data-e-type=\"widget\" data-widget_type=\"text-editor.default\">\n\t\t\t\t<div class=\"elementor-widget-container\">\n\t\t\t\t\t\t\t\t\t<h2>Entwicklung des Immobilienmarkts<\/h2>\n<p>Entwicklung des Immobilienmarkts <span style=\"color: var( --e-global-color-text );\">Entwicklung des Immobilienmarkts Der Immobilienmarkt in Paphos erlebt eine Wachstumsdynamik mit stetig steigenden Preisen in den letzten Jahren. Dies macht Investitionen in Immobilien in der Region lohnenswerter.  <\/span><\/p>\n<h2>Geografische Lage<\/h2>\n<p>Paphos liegt an einem zentralen Punkt zwischen Europa, Asien und dem Nahen Osten, was den Zugang zu verschiedenen internationalen M\u00e4rkten erleichtert.<\/p>\n<h2>Tourismus<\/h2>\n<p>Paphos ist ein beliebtes Touristenziel mit wundersch\u00f6nen Str\u00e4nden, arch\u00e4ologischen St\u00e4tten und einem pulsierenden Nachtleben. Der Tourismus tr\u00e4gt zur lokalen Wirtschaft bei und schafft eine hohe Nachfrage nach kurzfristigen Immobilienmieten.  <\/p>\n<h2>Geringe Steuern<\/h2>\n<p>Zypern bietet niedrige Steuers\u00e4tze f\u00fcr ausl\u00e4ndische Investoren, darunter eine niedrige Einkommenssteuer und eine freundliche Steuerpolitik f\u00fcr Unternehmer und ausl\u00e4ndische Unternehmen.<\/p>\n<h2>Freundliche Immobiliengesetze<\/h2>\n<p>Das zypriotische Gesetz sch\u00fctzt die Eigentumsrechte ausl\u00e4ndischer Investoren und erm\u00f6glicht einen einfachen und effizienten Kaufprozess.<\/p>\n<h2>Hohe Lebensqualit\u00e4t<\/h2>\n<p>Paphos bietet eine hohe Lebensqualit\u00e4t mit einem angenehmen Klima, hochwertigen Gesundheitsdiensten, guter Bildung und modernen Einrichtungen<\/p>\n<h2>Niedrige Lebenshaltungskosten<\/h2>\n<p>Im Vergleich zu vielen St\u00e4dten in ganz Europa sind die Lebenshaltungskosten in Paphos niedrig, was die Stadt f\u00fcr Investoren, die dort leben m\u00f6chten, attraktiv macht.<\/p>\n<h2>Kapitalrendite<\/h2>\n<p>Immobilien in Paphos k\u00f6nnen eine gute Kapitalrendite erzielen, insbesondere im Bereich der touristischen Vermietung.<\/p>\n<h2>Wachstums- und Expansionsm\u00f6glichkeiten<\/h2>\n<p>Die Region w\u00e4chst kontinuierlich mit neuen Projekten und Tourismusinitiativen, was den Wert von Investitionen im Laufe der Zeit steigern kann.<\/p>\n<p>Eine Investition in Paphos k\u00f6nnte eine ausgezeichnete Wahl f\u00fcr Investoren sein, die eine Kombination aus wirtschaftlicher Stabilit\u00e4t, Wachstumspotenzial und hoher Lebensqualit\u00e4t suchen.<\/p>\n\t\t\t\t\t\t\t\t<\/div>\n\t\t\t\t<\/div>\n\t\t\t\t<\/div>\n\t\t<div class=\"elementor-element elementor-element-ca088f0 e-con-full e-flex e-con e-child\" data-id=\"ca088f0\" data-element_type=\"container\" data-e-type=\"container\">\n\t\t\t\t<div class=\"elementor-element elementor-element-9ca6572 elementor-widget elementor-widget-image\" data-id=\"9ca6572\" data-element_type=\"widget\" data-e-type=\"widget\" data-widget_type=\"image.default\">\n\t\t\t\t<div class=\"elementor-widget-container\">\n\t\t\t\t\t\t\t\t\t\t\t\t\t\t\t<img fetchpriority=\"high\" decoding=\"async\" width=\"800\" height=\"534\" src=\"https:\/\/www.onarestates.com\/wp-content\/uploads\/2024\/07\/iStock-1451893077-1024x684.jpg\" class=\"attachment-large size-large wp-image-999\" alt=\"\u05d9\u05ea\u05e8\u05d5\u05e0\u05d5\u05ea \u05d4\u05d4\u05e9\u05e7\u05e2\u05d4 \u05d1\u05e4\u05d0\u05e4\u05d5\u05e1\" srcset=\"https:\/\/www.onarestates.com\/wp-content\/uploads\/2024\/07\/iStock-1451893077-1024x684.jpg 1024w, https:\/\/www.onarestates.com\/wp-content\/uploads\/2024\/07\/iStock-1451893077-300x200.jpg 300w, https:\/\/www.onarestates.com\/wp-content\/uploads\/2024\/07\/iStock-1451893077-768x513.jpg 768w, https:\/\/www.onarestates.com\/wp-content\/uploads\/2024\/07\/iStock-1451893077.jpg 1200w\" sizes=\"(max-width: 800px) 100vw, 800px\" \/>\t\t\t\t\t\t\t\t\t\t\t\t\t\t\t<\/div>\n\t\t\t\t<\/div>\n\t\t\t\t<div class=\"elementor-element elementor-element-111abb9 elementor-widget elementor-widget-image\" data-id=\"111abb9\" data-element_type=\"widget\" data-e-type=\"widget\" data-widget_type=\"image.default\">\n\t\t\t\t<div class=\"elementor-widget-container\">\n\t\t\t\t\t\t\t\t\t\t\t\t\t\t\t<img decoding=\"async\" width=\"800\" height=\"496\" src=\"https:\/\/www.onarestates.com\/wp-content\/uploads\/2024\/07\/iStock-1359239820-1024x635.jpg\" class=\"attachment-large size-large wp-image-1002\" alt=\"\u05d9\u05ea\u05e8\u05d5\u05e0\u05d5\u05ea \u05d4\u05d4\u05e9\u05e7\u05e2\u05d4 \u05d1\u05e4\u05d0\u05e4\u05d5\u05e1\" srcset=\"https:\/\/www.onarestates.com\/wp-content\/uploads\/2024\/07\/iStock-1359239820-1024x635.jpg 1024w, https:\/\/www.onarestates.com\/wp-content\/uploads\/2024\/07\/iStock-1359239820-300x186.jpg 300w, https:\/\/www.onarestates.com\/wp-content\/uploads\/2024\/07\/iStock-1359239820-768x476.jpg 768w, https:\/\/www.onarestates.com\/wp-content\/uploads\/2024\/07\/iStock-1359239820.jpg 1200w\" sizes=\"(max-width: 800px) 100vw, 800px\" \/>\t\t\t\t\t\t\t\t\t\t\t\t\t\t\t<\/div>\n\t\t\t\t<\/div>\n\t\t\t\t<div class=\"elementor-element elementor-element-49fc043 elementor-widget elementor-widget-image\" data-id=\"49fc043\" data-element_type=\"widget\" data-e-type=\"widget\" data-widget_type=\"image.default\">\n\t\t\t\t<div class=\"elementor-widget-container\">\n\t\t\t\t\t\t\t\t\t\t\t\t\t\t\t<img decoding=\"async\" width=\"800\" height=\"534\" src=\"https:\/\/www.onarestates.com\/wp-content\/uploads\/2024\/07\/iStock-1140474901-1024x683.jpg\" class=\"attachment-large size-large wp-image-1003\" alt=\"\u05d9\u05ea\u05e8\u05d5\u05e0\u05d5\u05ea \u05d4\u05d4\u05e9\u05e7\u05e2\u05d4 \u05d1\u05e4\u05d0\u05e4\u05d5\u05e1\" srcset=\"https:\/\/www.onarestates.com\/wp-content\/uploads\/2024\/07\/iStock-1140474901-1024x683.jpg 1024w, https:\/\/www.onarestates.com\/wp-content\/uploads\/2024\/07\/iStock-1140474901-300x200.jpg 300w, https:\/\/www.onarestates.com\/wp-content\/uploads\/2024\/07\/iStock-1140474901-768x512.jpg 768w, https:\/\/www.onarestates.com\/wp-content\/uploads\/2024\/07\/iStock-1140474901.jpg 1200w\" sizes=\"(max-width: 800px) 100vw, 800px\" \/>\t\t\t\t\t\t\t\t\t\t\t\t\t\t\t<\/div>\n\t\t\t\t<\/div>\n\t\t\t\t<\/div>\n\t\t\t\t\t<\/div>\n\t\t\t\t<\/div>\n\t\t\t\t<\/div>\n\t\t","protected":false},"excerpt":{"rendered":"<p>Entwicklung des Immobilienmarkts Entwicklung des Immobilienmarkts Entwicklung des Immobilienmarkts Der Immobilienmarkt in Paphos erlebt eine Wachstumsdynamik mit stetig steigenden Preisen in den letzten Jahren. Dies macht Investitionen in Immobilien in der Region lohnenswerter. Geografische Lage Paphos liegt an einem zentralen Punkt zwischen Europa, Asien und dem Nahen Osten, was den Zugang zu verschiedenen internationalen M\u00e4rkten [&hellip;]<\/p>\n","protected":false},"author":1,"featured_media":0,"parent":0,"menu_order":0,"comment_status":"closed","ping_status":"closed","template":"","meta":{"_acf_changed":false,"footnotes":""},"class_list":["post-2529","page","type-page","status-publish","hentry"],"acf":[],"yoast_head":"<!-- This site is optimized with the Yoast SEO plugin v27.2 - https:\/\/yoast.com\/product\/yoast-seo-wordpress\/ -->\n<title>Vorteile einer Investition in Paphos - Onar estates | \u05d4\u05e9\u05e7\u05e2\u05d5\u05ea \u05e0\u05d3\u05dc\u05df \u05d1\u05e7\u05e4\u05e8\u05d9\u05e1\u05d9\u05df |<\/title>\n<meta name=\"description\" content=\"Entwicklung des Immobilienmarkts Der Immobilienmarkt in Paphos erlebt eine Wachstumsdynamik mit stetig steigenden Preisen in den letzten Jahren.\" \/>\n<meta name=\"robots\" content=\"index, follow, max-snippet:-1, max-image-preview:large, max-video-preview:-1\" \/>\n<link rel=\"canonical\" href=\"https:\/\/www.onarestates.com\/de\/vorteile-einer-investition-in-paphos\/\" \/>\n<meta property=\"og:locale\" content=\"de_DE\" \/>\n<meta property=\"og:type\" content=\"article\" \/>\n<meta property=\"og:title\" content=\"Vorteile einer Investition in Paphos - Onar estates | \u05d4\u05e9\u05e7\u05e2\u05d5\u05ea \u05e0\u05d3\u05dc\u05df \u05d1\u05e7\u05e4\u05e8\u05d9\u05e1\u05d9\u05df |\" \/>\n<meta property=\"og:description\" content=\"Entwicklung des Immobilienmarkts Der Immobilienmarkt in Paphos erlebt eine Wachstumsdynamik mit stetig steigenden Preisen in den letzten Jahren.\" \/>\n<meta property=\"og:url\" content=\"https:\/\/www.onarestates.com\/de\/vorteile-einer-investition-in-paphos\/\" \/>\n<meta property=\"og:site_name\" content=\"Onar estates | \u05d4\u05e9\u05e7\u05e2\u05d5\u05ea \u05e0\u05d3\u05dc\u05df \u05d1\u05e7\u05e4\u05e8\u05d9\u05e1\u05d9\u05df |\" \/>\n<meta property=\"article:modified_time\" content=\"2024-11-18T12:29:04+00:00\" \/>\n<meta property=\"og:image\" content=\"https:\/\/www.onarestates.com\/wp-content\/uploads\/2024\/07\/iStock-1451893077.jpg\" \/>\n\t<meta property=\"og:image:width\" content=\"1200\" \/>\n\t<meta property=\"og:image:height\" content=\"801\" \/>\n\t<meta property=\"og:image:type\" content=\"image\/jpeg\" \/>\n<meta name=\"twitter:card\" content=\"summary_large_image\" \/>\n<meta name=\"twitter:label1\" content=\"Gesch\u00e4tzte Lesezeit\" \/>\n\t<meta name=\"twitter:data1\" content=\"1\u00a0Minute\" \/>\n<script type=\"application\/ld+json\" class=\"yoast-schema-graph\">{\"@context\":\"https:\/\/schema.org\",\"@graph\":[{\"@type\":\"WebPage\",\"@id\":\"https:\/\/www.onarestates.com\/de\/vorteile-einer-investition-in-paphos\/\",\"url\":\"https:\/\/www.onarestates.com\/de\/vorteile-einer-investition-in-paphos\/\",\"name\":\"Vorteile einer Investition in Paphos - Onar estates | \u05d4\u05e9\u05e7\u05e2\u05d5\u05ea \u05e0\u05d3\u05dc\u05df \u05d1\u05e7\u05e4\u05e8\u05d9\u05e1\u05d9\u05df |\",\"isPartOf\":{\"@id\":\"https:\/\/www.onarestates.com\/de\/#website\"},\"primaryImageOfPage\":{\"@id\":\"https:\/\/www.onarestates.com\/de\/vorteile-einer-investition-in-paphos\/#primaryimage\"},\"image\":{\"@id\":\"https:\/\/www.onarestates.com\/de\/vorteile-einer-investition-in-paphos\/#primaryimage\"},\"thumbnailUrl\":\"https:\/\/www.onarestates.com\/wp-content\/uploads\/2024\/07\/iStock-1451893077-1024x684.jpg\",\"datePublished\":\"2024-07-07T08:09:37+00:00\",\"dateModified\":\"2024-11-18T12:29:04+00:00\",\"description\":\"Entwicklung des Immobilienmarkts Der Immobilienmarkt in Paphos erlebt eine Wachstumsdynamik mit stetig steigenden Preisen in den letzten Jahren.\",\"breadcrumb\":{\"@id\":\"https:\/\/www.onarestates.com\/de\/vorteile-einer-investition-in-paphos\/#breadcrumb\"},\"inLanguage\":\"de\",\"potentialAction\":[{\"@type\":\"ReadAction\",\"target\":[\"https:\/\/www.onarestates.com\/de\/vorteile-einer-investition-in-paphos\/\"]}]},{\"@type\":\"ImageObject\",\"inLanguage\":\"de\",\"@id\":\"https:\/\/www.onarestates.com\/de\/vorteile-einer-investition-in-paphos\/#primaryimage\",\"url\":\"https:\/\/www.onarestates.com\/wp-content\/uploads\/2024\/07\/iStock-1451893077-1024x684.jpg\",\"contentUrl\":\"https:\/\/www.onarestates.com\/wp-content\/uploads\/2024\/07\/iStock-1451893077-1024x684.jpg\"},{\"@type\":\"BreadcrumbList\",\"@id\":\"https:\/\/www.onarestates.com\/de\/vorteile-einer-investition-in-paphos\/#breadcrumb\",\"itemListElement\":[{\"@type\":\"ListItem\",\"position\":1,\"name\":\"\u05d3\u05e3 \u05d4\u05d1\u05d9\u05ea\",\"item\":\"https:\/\/www.onarestates.com\/de\/\"},{\"@type\":\"ListItem\",\"position\":2,\"name\":\"Vorteile einer Investition in Paphos\"}]},{\"@type\":\"WebSite\",\"@id\":\"https:\/\/www.onarestates.com\/de\/#website\",\"url\":\"https:\/\/www.onarestates.com\/de\/\",\"name\":\"\u05d3\u05d9\u05e8\u05d5\u05ea \u05dc\u05de\u05db\u05d9\u05e8\u05d4 \u05d1\u05e7\u05e4\u05e8\u05d9\u05e1\u05d9\u05df | \u05e4\u05e8\u05d5\u05d9\u05d9\u05e7\u05d8\u05d9\u05dd \u05e0\u05d3\u05dc\u05df \u05d1\u05e7\u05e4\u05e8\u05d9\u05e1\u05d9\u05df\",\"description\":\"\u05d1\u05ea\u05d9\u05dd \u05dc\u05de\u05db\u05d9\u05e8\u05d4 \u05d1\u05e7\u05e4\u05e8\u05d9\u05e1\u05d9\u05df\",\"publisher\":{\"@id\":\"https:\/\/www.onarestates.com\/de\/#organization\"},\"potentialAction\":[{\"@type\":\"SearchAction\",\"target\":{\"@type\":\"EntryPoint\",\"urlTemplate\":\"https:\/\/www.onarestates.com\/de\/?s={search_term_string}\"},\"query-input\":{\"@type\":\"PropertyValueSpecification\",\"valueRequired\":true,\"valueName\":\"search_term_string\"}}],\"inLanguage\":\"de\"},{\"@type\":\"Organization\",\"@id\":\"https:\/\/www.onarestates.com\/de\/#organization\",\"name\":\"Onar estates\",\"url\":\"https:\/\/www.onarestates.com\/de\/\",\"logo\":{\"@type\":\"ImageObject\",\"inLanguage\":\"de\",\"@id\":\"https:\/\/www.onarestates.com\/de\/#\/schema\/logo\/image\/\",\"url\":\"https:\/\/www.onarestates.com\/wp-content\/uploads\/2024\/06\/Group-32741.png\",\"contentUrl\":\"https:\/\/www.onarestates.com\/wp-content\/uploads\/2024\/06\/Group-32741.png\",\"width\":345,\"height\":188,\"caption\":\"Onar estates\"},\"image\":{\"@id\":\"https:\/\/www.onarestates.com\/de\/#\/schema\/logo\/image\/\"}}]}<\/script>\n<!-- \/ Yoast SEO plugin. -->","yoast_head_json":{"title":"Vorteile einer Investition in Paphos - Onar estates | \u05d4\u05e9\u05e7\u05e2\u05d5\u05ea \u05e0\u05d3\u05dc\u05df \u05d1\u05e7\u05e4\u05e8\u05d9\u05e1\u05d9\u05df |","description":"Entwicklung des Immobilienmarkts Der Immobilienmarkt in Paphos erlebt eine Wachstumsdynamik mit stetig steigenden Preisen in den letzten Jahren.","robots":{"index":"index","follow":"follow","max-snippet":"max-snippet:-1","max-image-preview":"max-image-preview:large","max-video-preview":"max-video-preview:-1"},"canonical":"https:\/\/www.onarestates.com\/de\/vorteile-einer-investition-in-paphos\/","og_locale":"de_DE","og_type":"article","og_title":"Vorteile einer Investition in Paphos - Onar estates | \u05d4\u05e9\u05e7\u05e2\u05d5\u05ea \u05e0\u05d3\u05dc\u05df \u05d1\u05e7\u05e4\u05e8\u05d9\u05e1\u05d9\u05df |","og_description":"Entwicklung des Immobilienmarkts Der Immobilienmarkt in Paphos erlebt eine Wachstumsdynamik mit stetig steigenden Preisen in den letzten Jahren.","og_url":"https:\/\/www.onarestates.com\/de\/vorteile-einer-investition-in-paphos\/","og_site_name":"Onar estates | \u05d4\u05e9\u05e7\u05e2\u05d5\u05ea \u05e0\u05d3\u05dc\u05df \u05d1\u05e7\u05e4\u05e8\u05d9\u05e1\u05d9\u05df |","article_modified_time":"2024-11-18T12:29:04+00:00","og_image":[{"width":1200,"height":801,"url":"https:\/\/www.onarestates.com\/wp-content\/uploads\/2024\/07\/iStock-1451893077.jpg","type":"image\/jpeg"}],"twitter_card":"summary_large_image","twitter_misc":{"Gesch\u00e4tzte Lesezeit":"1\u00a0Minute"},"schema":{"@context":"https:\/\/schema.org","@graph":[{"@type":"WebPage","@id":"https:\/\/www.onarestates.com\/de\/vorteile-einer-investition-in-paphos\/","url":"https:\/\/www.onarestates.com\/de\/vorteile-einer-investition-in-paphos\/","name":"Vorteile einer Investition in Paphos - Onar estates | \u05d4\u05e9\u05e7\u05e2\u05d5\u05ea \u05e0\u05d3\u05dc\u05df \u05d1\u05e7\u05e4\u05e8\u05d9\u05e1\u05d9\u05df |","isPartOf":{"@id":"https:\/\/www.onarestates.com\/de\/#website"},"primaryImageOfPage":{"@id":"https:\/\/www.onarestates.com\/de\/vorteile-einer-investition-in-paphos\/#primaryimage"},"image":{"@id":"https:\/\/www.onarestates.com\/de\/vorteile-einer-investition-in-paphos\/#primaryimage"},"thumbnailUrl":"https:\/\/www.onarestates.com\/wp-content\/uploads\/2024\/07\/iStock-1451893077-1024x684.jpg","datePublished":"2024-07-07T08:09:37+00:00","dateModified":"2024-11-18T12:29:04+00:00","description":"Entwicklung des Immobilienmarkts Der Immobilienmarkt in Paphos erlebt eine Wachstumsdynamik mit stetig steigenden Preisen in den letzten Jahren.","breadcrumb":{"@id":"https:\/\/www.onarestates.com\/de\/vorteile-einer-investition-in-paphos\/#breadcrumb"},"inLanguage":"de","potentialAction":[{"@type":"ReadAction","target":["https:\/\/www.onarestates.com\/de\/vorteile-einer-investition-in-paphos\/"]}]},{"@type":"ImageObject","inLanguage":"de","@id":"https:\/\/www.onarestates.com\/de\/vorteile-einer-investition-in-paphos\/#primaryimage","url":"https:\/\/www.onarestates.com\/wp-content\/uploads\/2024\/07\/iStock-1451893077-1024x684.jpg","contentUrl":"https:\/\/www.onarestates.com\/wp-content\/uploads\/2024\/07\/iStock-1451893077-1024x684.jpg"},{"@type":"BreadcrumbList","@id":"https:\/\/www.onarestates.com\/de\/vorteile-einer-investition-in-paphos\/#breadcrumb","itemListElement":[{"@type":"ListItem","position":1,"name":"\u05d3\u05e3 \u05d4\u05d1\u05d9\u05ea","item":"https:\/\/www.onarestates.com\/de\/"},{"@type":"ListItem","position":2,"name":"Vorteile einer Investition in Paphos"}]},{"@type":"WebSite","@id":"https:\/\/www.onarestates.com\/de\/#website","url":"https:\/\/www.onarestates.com\/de\/","name":"\u05d3\u05d9\u05e8\u05d5\u05ea \u05dc\u05de\u05db\u05d9\u05e8\u05d4 \u05d1\u05e7\u05e4\u05e8\u05d9\u05e1\u05d9\u05df | \u05e4\u05e8\u05d5\u05d9\u05d9\u05e7\u05d8\u05d9\u05dd \u05e0\u05d3\u05dc\u05df \u05d1\u05e7\u05e4\u05e8\u05d9\u05e1\u05d9\u05df","description":"\u05d1\u05ea\u05d9\u05dd \u05dc\u05de\u05db\u05d9\u05e8\u05d4 \u05d1\u05e7\u05e4\u05e8\u05d9\u05e1\u05d9\u05df","publisher":{"@id":"https:\/\/www.onarestates.com\/de\/#organization"},"potentialAction":[{"@type":"SearchAction","target":{"@type":"EntryPoint","urlTemplate":"https:\/\/www.onarestates.com\/de\/?s={search_term_string}"},"query-input":{"@type":"PropertyValueSpecification","valueRequired":true,"valueName":"search_term_string"}}],"inLanguage":"de"},{"@type":"Organization","@id":"https:\/\/www.onarestates.com\/de\/#organization","name":"Onar estates","url":"https:\/\/www.onarestates.com\/de\/","logo":{"@type":"ImageObject","inLanguage":"de","@id":"https:\/\/www.onarestates.com\/de\/#\/schema\/logo\/image\/","url":"https:\/\/www.onarestates.com\/wp-content\/uploads\/2024\/06\/Group-32741.png","contentUrl":"https:\/\/www.onarestates.com\/wp-content\/uploads\/2024\/06\/Group-32741.png","width":345,"height":188,"caption":"Onar estates"},"image":{"@id":"https:\/\/www.onarestates.com\/de\/#\/schema\/logo\/image\/"}}]}},"_links":{"self":[{"href":"https:\/\/www.onarestates.com\/de\/wp-json\/wp\/v2\/pages\/2529","targetHints":{"allow":["GET"]}}],"collection":[{"href":"https:\/\/www.onarestates.com\/de\/wp-json\/wp\/v2\/pages"}],"about":[{"href":"https:\/\/www.onarestates.com\/de\/wp-json\/wp\/v2\/types\/page"}],"author":[{"embeddable":true,"href":"https:\/\/www.onarestates.com\/de\/wp-json\/wp\/v2\/users\/1"}],"replies":[{"embeddable":true,"href":"https:\/\/www.onarestates.com\/de\/wp-json\/wp\/v2\/comments?post=2529"}],"version-history":[{"count":1,"href":"https:\/\/www.onarestates.com\/de\/wp-json\/wp\/v2\/pages\/2529\/revisions"}],"predecessor-version":[{"id":2538,"href":"https:\/\/www.onarestates.com\/de\/wp-json\/wp\/v2\/pages\/2529\/revisions\/2538"}],"wp:attachment":[{"href":"https:\/\/www.onarestates.com\/de\/wp-json\/wp\/v2\/media?parent=2529"}],"curies":[{"name":"wp","href":"https:\/\/api.w.org\/{rel}","templated":true}]}}