{"id":2539,"date":"2024-07-07T09:01:47","date_gmt":"2024-07-07T09:01:47","guid":{"rendered":"https:\/\/www.onarestates.com\/vorteile-einer-investition-in-limassol\/"},"modified":"2024-11-18T12:46:37","modified_gmt":"2024-11-18T12:46:37","slug":"vorteile-einer-investition-in-limassol","status":"publish","type":"page","link":"https:\/\/www.onarestates.com\/de\/vorteile-einer-investition-in-limassol\/","title":{"rendered":"Vorteile einer Investition in Limassol"},"content":{"rendered":"\t\t<div data-elementor-type=\"wp-page\" data-elementor-id=\"2539\" class=\"elementor elementor-2539 elementor-1863\" data-elementor-post-type=\"page\">\n\t\t\t\t<div class=\"elementor-element elementor-element-37fea7d e-con-full e-flex e-con e-child\" data-id=\"37fea7d\" data-element_type=\"container\" data-e-type=\"container\" data-settings=\"{&quot;background_background&quot;:&quot;classic&quot;}\">\n\t\t<div class=\"elementor-element elementor-element-dc0d4ed e-flex e-con-boxed e-con e-child\" data-id=\"dc0d4ed\" data-element_type=\"container\" data-e-type=\"container\" data-settings=\"{&quot;background_background&quot;:&quot;slideshow&quot;,&quot;background_slideshow_gallery&quot;:[{&quot;id&quot;:2126,&quot;url&quot;:&quot;http:\\\/\\\/www.onarestates.com\\\/wp-content\\\/uploads\\\/2024\\\/09\\\/inner-banner-pic.png&quot;}],&quot;background_slideshow_loop&quot;:&quot;yes&quot;,&quot;background_slideshow_slide_duration&quot;:5000,&quot;background_slideshow_slide_transition&quot;:&quot;fade&quot;,&quot;background_slideshow_transition_duration&quot;:500}\">\n\t\t\t\t\t<div class=\"e-con-inner\">\n\t\t\t\t<div class=\"elementor-element elementor-element-ae00268 elementor-widget elementor-widget-heading\" data-id=\"ae00268\" data-element_type=\"widget\" data-e-type=\"widget\" data-widget_type=\"heading.default\">\n\t\t\t\t<div class=\"elementor-widget-container\">\n\t\t\t\t\t<h2 class=\"elementor-heading-title elementor-size-default\">Vorteile einer Investition in Limassol<\/h2>\t\t\t\t<\/div>\n\t\t\t\t<\/div>\n\t\t\t\t\t<\/div>\n\t\t\t\t<\/div>\n\t\t\t\t<\/div>\n\t\t<div class=\"elementor-element elementor-element-af2fe17 e-flex e-con-boxed e-con e-child\" data-id=\"af2fe17\" data-element_type=\"container\" data-e-type=\"container\">\n\t\t\t\t\t<div class=\"e-con-inner\">\n\t\t<div class=\"elementor-element elementor-element-5ad722f e-con-full e-flex e-con e-child\" data-id=\"5ad722f\" data-element_type=\"container\" data-e-type=\"container\">\n\t\t\t\t<div class=\"elementor-element elementor-element-c31c0a2 elementor-widget elementor-widget-text-editor\" data-id=\"c31c0a2\" data-element_type=\"widget\" data-e-type=\"widget\" data-widget_type=\"text-editor.default\">\n\t\t\t\t<div class=\"elementor-widget-container\">\n\t\t\t\t\t\t\t\t\t<p>Investitionen in Limassol, einer K\u00fcstenstadt auf Zypern, bieten eine Reihe von Vorteilen, die f\u00fcr Investoren in Betracht gezogen werden sollten:<\/p>\n<h2>Stabile und wachsende Wirtschaft<\/h2>\n<p>Zypern hat eine stabile und sich entwickelnde Wirtschaft mit stetigem Wachstum im Tourismus und anderen Sektoren wie Finanzen, Dienstleistungen und Technologie<\/p>\n<h2>Fortschrittliche Infrastrukturen<\/h2>\n<p>Limassol bietet moderne Infrastrukturen, darunter H\u00e4fen, Stra\u00dfen und bequemen Zugang zu \u00f6ffentlichen und logistischen Diensten. Die Stadt ist ein wichtiges Gesch\u00e4fts- und Finanzzentrum in Zypern.  <\/p>\n<h2>Regierungsanreize<\/h2>\n<p>Die lokale Regierung bietet ausl\u00e4ndischen Investoren verschiedene Anreize, darunter Steuervorteile, Gold-Visa-Pl\u00e4ne f\u00fcr Investoren und Immobilieninvestitionen.<\/p>\n<h2>Boomender Immobiliensektor<\/h2>\n<p>Der Immobilienmarkt in Limassol erlebt ein kontinuierliches Wachstum. Es besteht eine starke Nachfrage nach Luxuswohnungen, B\u00fcros und Gewerbeimmobilien, was zu hohen Investitionsrenditen f\u00fchren kann. <\/p>\n<h2>Strategische Lage<\/h2>\n<p>Limassol liegt geografisch an der Schnittstelle zwischen Europa, Asien und Afrika und erm\u00f6glicht so einen einfachen Zugang zu vielen M\u00e4rkten und internationalen Marktaktivit\u00e4ten.<\/p>\n<h2>Hohe Lebensqualit\u00e4t<\/h2>\n<p>Die Stadt bietet eine hohe Lebensqualit\u00e4t mit wundersch\u00f6nen Str\u00e4nden, luxuri\u00f6sen Restaurants, einem pulsierenden Nachtleben und einer internationalen Gemeinschaft, die viele Einwohner und Touristen anzieht und die Nachfrage nach Immobilien erh\u00f6ht. <\/p>\n<h2>Ausgezeichnete Bildungs- und Gesundheitssysteme<\/h2>\n<p>Limassol ist stolz auf eines der besten Bildungs- und Gesundheitssysteme Zyperns, mit internationalen Schulen und f\u00fchrenden Krankenh\u00e4usern, was seine Attraktivit\u00e4t f\u00fcr Familien und Ausl\u00e4nder weiter erh\u00f6ht.<\/p>\n<h2>Handelsabkommen und Anlegerschutz<\/h2>\n<p>Zypern ist Mitglied der Europ\u00e4ischen Union und hat Handelsabkommen mit vielen L\u00e4ndern, was zus\u00e4tzlichen Schutz f\u00fcr Anleger und einen offenen Markt bietet.<\/p>\n<p>Eine Investition in Limassol kann ein kluger Schachzug sein, insbesondere f\u00fcr Anleger, die Wachstumspotenzial, wirtschaftliche Stabilit\u00e4t und hohe Renditen f\u00fcr Immobilien suchen.<\/p>\n\t\t\t\t\t\t\t\t<\/div>\n\t\t\t\t<\/div>\n\t\t\t\t<\/div>\n\t\t<div class=\"elementor-element elementor-element-ca088f0 e-con-full e-flex e-con e-child\" data-id=\"ca088f0\" data-element_type=\"container\" data-e-type=\"container\">\n\t\t\t\t<div class=\"elementor-element elementor-element-9ca6572 elementor-widget elementor-widget-image\" data-id=\"9ca6572\" data-element_type=\"widget\" data-e-type=\"widget\" data-widget_type=\"image.default\">\n\t\t\t\t<div class=\"elementor-widget-container\">\n\t\t\t\t\t\t\t\t\t\t\t\t\t\t\t<img fetchpriority=\"high\" decoding=\"async\" width=\"800\" height=\"530\" src=\"https:\/\/www.onarestates.com\/wp-content\/uploads\/2024\/07\/iStock-511940064-1024x678.jpg\" class=\"attachment-large size-large wp-image-1019\" alt=\"\u05d9\u05ea\u05e8\u05e0\u05d5\u05ea \u05d4\u05e9\u05e7\u05e2\u05d4 \u05d1\u05dc\u05d9\u05de\u05e1\u05d5\u05dc\" srcset=\"https:\/\/www.onarestates.com\/wp-content\/uploads\/2024\/07\/iStock-511940064-1024x678.jpg 1024w, https:\/\/www.onarestates.com\/wp-content\/uploads\/2024\/07\/iStock-511940064-300x199.jpg 300w, https:\/\/www.onarestates.com\/wp-content\/uploads\/2024\/07\/iStock-511940064-768x509.jpg 768w, https:\/\/www.onarestates.com\/wp-content\/uploads\/2024\/07\/iStock-511940064.jpg 1200w\" sizes=\"(max-width: 800px) 100vw, 800px\" \/>\t\t\t\t\t\t\t\t\t\t\t\t\t\t\t<\/div>\n\t\t\t\t<\/div>\n\t\t\t\t<div class=\"elementor-element elementor-element-111abb9 elementor-widget elementor-widget-image\" data-id=\"111abb9\" data-element_type=\"widget\" data-e-type=\"widget\" data-widget_type=\"image.default\">\n\t\t\t\t<div class=\"elementor-widget-container\">\n\t\t\t\t\t\t\t\t\t\t\t\t\t\t\t<img decoding=\"async\" width=\"800\" height=\"533\" src=\"https:\/\/www.onarestates.com\/wp-content\/uploads\/2024\/07\/iStock-1306202535-1024x682.jpg\" class=\"attachment-large size-large wp-image-1020\" alt=\"\u05d9\u05ea\u05e8\u05e0\u05d5\u05ea \u05d4\u05e9\u05e7\u05e2\u05d4 \u05d1\u05dc\u05d9\u05de\u05e1\u05d5\u05dc\" srcset=\"https:\/\/www.onarestates.com\/wp-content\/uploads\/2024\/07\/iStock-1306202535-1024x682.jpg 1024w, https:\/\/www.onarestates.com\/wp-content\/uploads\/2024\/07\/iStock-1306202535-300x200.jpg 300w, https:\/\/www.onarestates.com\/wp-content\/uploads\/2024\/07\/iStock-1306202535-768x511.jpg 768w, https:\/\/www.onarestates.com\/wp-content\/uploads\/2024\/07\/iStock-1306202535.jpg 1200w\" sizes=\"(max-width: 800px) 100vw, 800px\" \/>\t\t\t\t\t\t\t\t\t\t\t\t\t\t\t<\/div>\n\t\t\t\t<\/div>\n\t\t\t\t<\/div>\n\t\t\t\t\t<\/div>\n\t\t\t\t<\/div>\n\t\t\t\t<\/div>\n\t\t","protected":false},"excerpt":{"rendered":"<p>Investitionen in Limassol, einer K\u00fcstenstadt auf Zypern, bieten eine Reihe von Vorteilen, die f\u00fcr Investoren in Betracht gezogen werden sollten: Stabile und wachsende Wirtschaft Zypern hat eine stabile und sich entwickelnde Wirtschaft mit stetigem Wachstum im Tourismus und anderen Sektoren wie Finanzen, Dienstleistungen und Technologie Fortschrittliche Infrastrukturen Limassol bietet moderne Infrastrukturen, darunter H\u00e4fen, Stra\u00dfen und [&hellip;]<\/p>\n","protected":false},"author":1,"featured_media":0,"parent":0,"menu_order":0,"comment_status":"closed","ping_status":"closed","template":"","meta":{"_acf_changed":false,"footnotes":""},"class_list":["post-2539","page","type-page","status-publish","hentry"],"acf":[],"yoast_head":"<!-- This site is optimized with the Yoast SEO plugin v27.2 - https:\/\/yoast.com\/product\/yoast-seo-wordpress\/ -->\n<title>Vorteile einer Investition in Limassol - Onar estates | \u05d4\u05e9\u05e7\u05e2\u05d5\u05ea \u05e0\u05d3\u05dc\u05df \u05d1\u05e7\u05e4\u05e8\u05d9\u05e1\u05d9\u05df |<\/title>\n<meta name=\"description\" content=\". \u05d4\u05e9\u05e7\u05e2\u05d4 \u05d1\u05dc\u05d9\u05de\u05e1\u05d5\u05dc, \u05e2\u05d9\u05e8 \u05d7\u05d5\u05e3 \u05d1\u05e7\u05e4\u05e8\u05d9\u05e1\u05d9\u05df, \u05de\u05e6\u05d9\u05e2\u05d4 \u05de\u05d2\u05d5\u05d5\u05df \u05d9\u05ea\u05e8\u05d5\u05e0\u05d5\u05ea \u05e9\u05de\u05e9\u05e7\u05d9\u05e2\u05d9\u05dd \u05e6\u05e8\u05d9\u05db\u05d9\u05dd \u05dc\u05e7\u05d7\u05ea \u05d1\u05d7\u05e9\u05d1\u05d5\u05df \u05e7\u05e4\u05e8\u05d9\u05e1\u05d9\u05df \u05de\u05e6\u05d9\u05d2\u05d4 \u05db\u05dc\u05db\u05dc\u05d4 \u05d9\u05e6\u05d9\u05d1\u05d4 \u05d5\u05de\u05ea\u05e4\u05ea\u05d7\u05ea, \u05e2\u05dd \u05d2\u05d9\u05d3\u05d5\u05dc \u05de\u05ea\u05de\u05d9\u05d3 \u05d1\u05ea\u05d9\u05d9\u05e8\u05d5\u05ea \u05d5\u05d1\u05de\u05d2\u05d6\u05e8\u05d9\u05dd \u05d0\u05d7\u05e8\u05d9\u05dd \u05db\u05de\u05d5 \u05e4\u05d9\u05e0\u05e0\u05e1\u05d9\u05dd, \u05e9\u05d9\u05e8\u05d5\u05ea\u05d9\u05dd \u05d5\u05d8\u05db\u05e0\u05d5\u05dc\u05d5\u05d2\u05d9\u05d4.\" \/>\n<meta name=\"robots\" content=\"index, follow, max-snippet:-1, max-image-preview:large, max-video-preview:-1\" \/>\n<link rel=\"canonical\" href=\"https:\/\/www.onarestates.com\/de\/vorteile-einer-investition-in-limassol\/\" \/>\n<meta property=\"og:locale\" content=\"de_DE\" \/>\n<meta property=\"og:type\" content=\"article\" \/>\n<meta property=\"og:title\" content=\"Vorteile einer Investition in Limassol - Onar estates | \u05d4\u05e9\u05e7\u05e2\u05d5\u05ea \u05e0\u05d3\u05dc\u05df \u05d1\u05e7\u05e4\u05e8\u05d9\u05e1\u05d9\u05df |\" \/>\n<meta property=\"og:description\" content=\". \u05d4\u05e9\u05e7\u05e2\u05d4 \u05d1\u05dc\u05d9\u05de\u05e1\u05d5\u05dc, \u05e2\u05d9\u05e8 \u05d7\u05d5\u05e3 \u05d1\u05e7\u05e4\u05e8\u05d9\u05e1\u05d9\u05df, \u05de\u05e6\u05d9\u05e2\u05d4 \u05de\u05d2\u05d5\u05d5\u05df \u05d9\u05ea\u05e8\u05d5\u05e0\u05d5\u05ea \u05e9\u05de\u05e9\u05e7\u05d9\u05e2\u05d9\u05dd \u05e6\u05e8\u05d9\u05db\u05d9\u05dd \u05dc\u05e7\u05d7\u05ea \u05d1\u05d7\u05e9\u05d1\u05d5\u05df \u05e7\u05e4\u05e8\u05d9\u05e1\u05d9\u05df \u05de\u05e6\u05d9\u05d2\u05d4 \u05db\u05dc\u05db\u05dc\u05d4 \u05d9\u05e6\u05d9\u05d1\u05d4 \u05d5\u05de\u05ea\u05e4\u05ea\u05d7\u05ea, \u05e2\u05dd \u05d2\u05d9\u05d3\u05d5\u05dc \u05de\u05ea\u05de\u05d9\u05d3 \u05d1\u05ea\u05d9\u05d9\u05e8\u05d5\u05ea \u05d5\u05d1\u05de\u05d2\u05d6\u05e8\u05d9\u05dd \u05d0\u05d7\u05e8\u05d9\u05dd \u05db\u05de\u05d5 \u05e4\u05d9\u05e0\u05e0\u05e1\u05d9\u05dd, \u05e9\u05d9\u05e8\u05d5\u05ea\u05d9\u05dd \u05d5\u05d8\u05db\u05e0\u05d5\u05dc\u05d5\u05d2\u05d9\u05d4.\" \/>\n<meta property=\"og:url\" content=\"https:\/\/www.onarestates.com\/de\/vorteile-einer-investition-in-limassol\/\" \/>\n<meta property=\"og:site_name\" content=\"Onar estates | \u05d4\u05e9\u05e7\u05e2\u05d5\u05ea \u05e0\u05d3\u05dc\u05df \u05d1\u05e7\u05e4\u05e8\u05d9\u05e1\u05d9\u05df |\" \/>\n<meta property=\"article:modified_time\" content=\"2024-11-18T12:46:37+00:00\" \/>\n<meta property=\"og:image\" content=\"https:\/\/www.onarestates.com\/wp-content\/uploads\/2024\/07\/iStock-511940064.jpg\" \/>\n\t<meta property=\"og:image:width\" content=\"1200\" \/>\n\t<meta property=\"og:image:height\" content=\"795\" \/>\n\t<meta property=\"og:image:type\" content=\"image\/jpeg\" \/>\n<meta name=\"twitter:card\" content=\"summary_large_image\" \/>\n<meta name=\"twitter:label1\" content=\"Gesch\u00e4tzte Lesezeit\" \/>\n\t<meta name=\"twitter:data1\" content=\"1\u00a0Minute\" \/>\n<script type=\"application\/ld+json\" class=\"yoast-schema-graph\">{\"@context\":\"https:\/\/schema.org\",\"@graph\":[{\"@type\":\"WebPage\",\"@id\":\"https:\/\/www.onarestates.com\/de\/vorteile-einer-investition-in-limassol\/\",\"url\":\"https:\/\/www.onarestates.com\/de\/vorteile-einer-investition-in-limassol\/\",\"name\":\"Vorteile einer Investition in Limassol - Onar estates | \u05d4\u05e9\u05e7\u05e2\u05d5\u05ea \u05e0\u05d3\u05dc\u05df \u05d1\u05e7\u05e4\u05e8\u05d9\u05e1\u05d9\u05df |\",\"isPartOf\":{\"@id\":\"https:\/\/www.onarestates.com\/de\/#website\"},\"primaryImageOfPage\":{\"@id\":\"https:\/\/www.onarestates.com\/de\/vorteile-einer-investition-in-limassol\/#primaryimage\"},\"image\":{\"@id\":\"https:\/\/www.onarestates.com\/de\/vorteile-einer-investition-in-limassol\/#primaryimage\"},\"thumbnailUrl\":\"https:\/\/www.onarestates.com\/wp-content\/uploads\/2024\/07\/iStock-511940064-1024x678.jpg\",\"datePublished\":\"2024-07-07T09:01:47+00:00\",\"dateModified\":\"2024-11-18T12:46:37+00:00\",\"description\":\". \u05d4\u05e9\u05e7\u05e2\u05d4 \u05d1\u05dc\u05d9\u05de\u05e1\u05d5\u05dc, \u05e2\u05d9\u05e8 \u05d7\u05d5\u05e3 \u05d1\u05e7\u05e4\u05e8\u05d9\u05e1\u05d9\u05df, \u05de\u05e6\u05d9\u05e2\u05d4 \u05de\u05d2\u05d5\u05d5\u05df \u05d9\u05ea\u05e8\u05d5\u05e0\u05d5\u05ea \u05e9\u05de\u05e9\u05e7\u05d9\u05e2\u05d9\u05dd \u05e6\u05e8\u05d9\u05db\u05d9\u05dd \u05dc\u05e7\u05d7\u05ea \u05d1\u05d7\u05e9\u05d1\u05d5\u05df \u05e7\u05e4\u05e8\u05d9\u05e1\u05d9\u05df \u05de\u05e6\u05d9\u05d2\u05d4 \u05db\u05dc\u05db\u05dc\u05d4 \u05d9\u05e6\u05d9\u05d1\u05d4 \u05d5\u05de\u05ea\u05e4\u05ea\u05d7\u05ea, \u05e2\u05dd \u05d2\u05d9\u05d3\u05d5\u05dc \u05de\u05ea\u05de\u05d9\u05d3 \u05d1\u05ea\u05d9\u05d9\u05e8\u05d5\u05ea \u05d5\u05d1\u05de\u05d2\u05d6\u05e8\u05d9\u05dd \u05d0\u05d7\u05e8\u05d9\u05dd \u05db\u05de\u05d5 \u05e4\u05d9\u05e0\u05e0\u05e1\u05d9\u05dd, \u05e9\u05d9\u05e8\u05d5\u05ea\u05d9\u05dd \u05d5\u05d8\u05db\u05e0\u05d5\u05dc\u05d5\u05d2\u05d9\u05d4.\",\"breadcrumb\":{\"@id\":\"https:\/\/www.onarestates.com\/de\/vorteile-einer-investition-in-limassol\/#breadcrumb\"},\"inLanguage\":\"de\",\"potentialAction\":[{\"@type\":\"ReadAction\",\"target\":[\"https:\/\/www.onarestates.com\/de\/vorteile-einer-investition-in-limassol\/\"]}]},{\"@type\":\"ImageObject\",\"inLanguage\":\"de\",\"@id\":\"https:\/\/www.onarestates.com\/de\/vorteile-einer-investition-in-limassol\/#primaryimage\",\"url\":\"https:\/\/www.onarestates.com\/wp-content\/uploads\/2024\/07\/iStock-511940064-1024x678.jpg\",\"contentUrl\":\"https:\/\/www.onarestates.com\/wp-content\/uploads\/2024\/07\/iStock-511940064-1024x678.jpg\"},{\"@type\":\"BreadcrumbList\",\"@id\":\"https:\/\/www.onarestates.com\/de\/vorteile-einer-investition-in-limassol\/#breadcrumb\",\"itemListElement\":[{\"@type\":\"ListItem\",\"position\":1,\"name\":\"\u05d3\u05e3 \u05d4\u05d1\u05d9\u05ea\",\"item\":\"https:\/\/www.onarestates.com\/de\/\"},{\"@type\":\"ListItem\",\"position\":2,\"name\":\"Vorteile einer Investition in Limassol\"}]},{\"@type\":\"WebSite\",\"@id\":\"https:\/\/www.onarestates.com\/de\/#website\",\"url\":\"https:\/\/www.onarestates.com\/de\/\",\"name\":\"\u05d3\u05d9\u05e8\u05d5\u05ea \u05dc\u05de\u05db\u05d9\u05e8\u05d4 \u05d1\u05e7\u05e4\u05e8\u05d9\u05e1\u05d9\u05df | \u05e4\u05e8\u05d5\u05d9\u05d9\u05e7\u05d8\u05d9\u05dd \u05e0\u05d3\u05dc\u05df \u05d1\u05e7\u05e4\u05e8\u05d9\u05e1\u05d9\u05df\",\"description\":\"\u05d1\u05ea\u05d9\u05dd \u05dc\u05de\u05db\u05d9\u05e8\u05d4 \u05d1\u05e7\u05e4\u05e8\u05d9\u05e1\u05d9\u05df\",\"publisher\":{\"@id\":\"https:\/\/www.onarestates.com\/de\/#organization\"},\"potentialAction\":[{\"@type\":\"SearchAction\",\"target\":{\"@type\":\"EntryPoint\",\"urlTemplate\":\"https:\/\/www.onarestates.com\/de\/?s={search_term_string}\"},\"query-input\":{\"@type\":\"PropertyValueSpecification\",\"valueRequired\":true,\"valueName\":\"search_term_string\"}}],\"inLanguage\":\"de\"},{\"@type\":\"Organization\",\"@id\":\"https:\/\/www.onarestates.com\/de\/#organization\",\"name\":\"Onar estates\",\"url\":\"https:\/\/www.onarestates.com\/de\/\",\"logo\":{\"@type\":\"ImageObject\",\"inLanguage\":\"de\",\"@id\":\"https:\/\/www.onarestates.com\/de\/#\/schema\/logo\/image\/\",\"url\":\"https:\/\/www.onarestates.com\/wp-content\/uploads\/2024\/06\/Group-32741.png\",\"contentUrl\":\"https:\/\/www.onarestates.com\/wp-content\/uploads\/2024\/06\/Group-32741.png\",\"width\":345,\"height\":188,\"caption\":\"Onar estates\"},\"image\":{\"@id\":\"https:\/\/www.onarestates.com\/de\/#\/schema\/logo\/image\/\"}}]}<\/script>\n<!-- \/ Yoast SEO plugin. -->","yoast_head_json":{"title":"Vorteile einer Investition in Limassol - Onar estates | \u05d4\u05e9\u05e7\u05e2\u05d5\u05ea \u05e0\u05d3\u05dc\u05df \u05d1\u05e7\u05e4\u05e8\u05d9\u05e1\u05d9\u05df |","description":". \u05d4\u05e9\u05e7\u05e2\u05d4 \u05d1\u05dc\u05d9\u05de\u05e1\u05d5\u05dc, \u05e2\u05d9\u05e8 \u05d7\u05d5\u05e3 \u05d1\u05e7\u05e4\u05e8\u05d9\u05e1\u05d9\u05df, \u05de\u05e6\u05d9\u05e2\u05d4 \u05de\u05d2\u05d5\u05d5\u05df \u05d9\u05ea\u05e8\u05d5\u05e0\u05d5\u05ea \u05e9\u05de\u05e9\u05e7\u05d9\u05e2\u05d9\u05dd \u05e6\u05e8\u05d9\u05db\u05d9\u05dd \u05dc\u05e7\u05d7\u05ea \u05d1\u05d7\u05e9\u05d1\u05d5\u05df \u05e7\u05e4\u05e8\u05d9\u05e1\u05d9\u05df \u05de\u05e6\u05d9\u05d2\u05d4 \u05db\u05dc\u05db\u05dc\u05d4 \u05d9\u05e6\u05d9\u05d1\u05d4 \u05d5\u05de\u05ea\u05e4\u05ea\u05d7\u05ea, \u05e2\u05dd \u05d2\u05d9\u05d3\u05d5\u05dc \u05de\u05ea\u05de\u05d9\u05d3 \u05d1\u05ea\u05d9\u05d9\u05e8\u05d5\u05ea \u05d5\u05d1\u05de\u05d2\u05d6\u05e8\u05d9\u05dd \u05d0\u05d7\u05e8\u05d9\u05dd \u05db\u05de\u05d5 \u05e4\u05d9\u05e0\u05e0\u05e1\u05d9\u05dd, \u05e9\u05d9\u05e8\u05d5\u05ea\u05d9\u05dd \u05d5\u05d8\u05db\u05e0\u05d5\u05dc\u05d5\u05d2\u05d9\u05d4.","robots":{"index":"index","follow":"follow","max-snippet":"max-snippet:-1","max-image-preview":"max-image-preview:large","max-video-preview":"max-video-preview:-1"},"canonical":"https:\/\/www.onarestates.com\/de\/vorteile-einer-investition-in-limassol\/","og_locale":"de_DE","og_type":"article","og_title":"Vorteile einer Investition in Limassol - Onar estates | \u05d4\u05e9\u05e7\u05e2\u05d5\u05ea \u05e0\u05d3\u05dc\u05df \u05d1\u05e7\u05e4\u05e8\u05d9\u05e1\u05d9\u05df |","og_description":". \u05d4\u05e9\u05e7\u05e2\u05d4 \u05d1\u05dc\u05d9\u05de\u05e1\u05d5\u05dc, \u05e2\u05d9\u05e8 \u05d7\u05d5\u05e3 \u05d1\u05e7\u05e4\u05e8\u05d9\u05e1\u05d9\u05df, \u05de\u05e6\u05d9\u05e2\u05d4 \u05de\u05d2\u05d5\u05d5\u05df \u05d9\u05ea\u05e8\u05d5\u05e0\u05d5\u05ea \u05e9\u05de\u05e9\u05e7\u05d9\u05e2\u05d9\u05dd \u05e6\u05e8\u05d9\u05db\u05d9\u05dd \u05dc\u05e7\u05d7\u05ea \u05d1\u05d7\u05e9\u05d1\u05d5\u05df \u05e7\u05e4\u05e8\u05d9\u05e1\u05d9\u05df \u05de\u05e6\u05d9\u05d2\u05d4 \u05db\u05dc\u05db\u05dc\u05d4 \u05d9\u05e6\u05d9\u05d1\u05d4 \u05d5\u05de\u05ea\u05e4\u05ea\u05d7\u05ea, \u05e2\u05dd \u05d2\u05d9\u05d3\u05d5\u05dc \u05de\u05ea\u05de\u05d9\u05d3 \u05d1\u05ea\u05d9\u05d9\u05e8\u05d5\u05ea \u05d5\u05d1\u05de\u05d2\u05d6\u05e8\u05d9\u05dd \u05d0\u05d7\u05e8\u05d9\u05dd \u05db\u05de\u05d5 \u05e4\u05d9\u05e0\u05e0\u05e1\u05d9\u05dd, \u05e9\u05d9\u05e8\u05d5\u05ea\u05d9\u05dd \u05d5\u05d8\u05db\u05e0\u05d5\u05dc\u05d5\u05d2\u05d9\u05d4.","og_url":"https:\/\/www.onarestates.com\/de\/vorteile-einer-investition-in-limassol\/","og_site_name":"Onar estates | \u05d4\u05e9\u05e7\u05e2\u05d5\u05ea \u05e0\u05d3\u05dc\u05df \u05d1\u05e7\u05e4\u05e8\u05d9\u05e1\u05d9\u05df |","article_modified_time":"2024-11-18T12:46:37+00:00","og_image":[{"width":1200,"height":795,"url":"https:\/\/www.onarestates.com\/wp-content\/uploads\/2024\/07\/iStock-511940064.jpg","type":"image\/jpeg"}],"twitter_card":"summary_large_image","twitter_misc":{"Gesch\u00e4tzte Lesezeit":"1\u00a0Minute"},"schema":{"@context":"https:\/\/schema.org","@graph":[{"@type":"WebPage","@id":"https:\/\/www.onarestates.com\/de\/vorteile-einer-investition-in-limassol\/","url":"https:\/\/www.onarestates.com\/de\/vorteile-einer-investition-in-limassol\/","name":"Vorteile einer Investition in Limassol - Onar estates | \u05d4\u05e9\u05e7\u05e2\u05d5\u05ea \u05e0\u05d3\u05dc\u05df \u05d1\u05e7\u05e4\u05e8\u05d9\u05e1\u05d9\u05df |","isPartOf":{"@id":"https:\/\/www.onarestates.com\/de\/#website"},"primaryImageOfPage":{"@id":"https:\/\/www.onarestates.com\/de\/vorteile-einer-investition-in-limassol\/#primaryimage"},"image":{"@id":"https:\/\/www.onarestates.com\/de\/vorteile-einer-investition-in-limassol\/#primaryimage"},"thumbnailUrl":"https:\/\/www.onarestates.com\/wp-content\/uploads\/2024\/07\/iStock-511940064-1024x678.jpg","datePublished":"2024-07-07T09:01:47+00:00","dateModified":"2024-11-18T12:46:37+00:00","description":". \u05d4\u05e9\u05e7\u05e2\u05d4 \u05d1\u05dc\u05d9\u05de\u05e1\u05d5\u05dc, \u05e2\u05d9\u05e8 \u05d7\u05d5\u05e3 \u05d1\u05e7\u05e4\u05e8\u05d9\u05e1\u05d9\u05df, \u05de\u05e6\u05d9\u05e2\u05d4 \u05de\u05d2\u05d5\u05d5\u05df \u05d9\u05ea\u05e8\u05d5\u05e0\u05d5\u05ea \u05e9\u05de\u05e9\u05e7\u05d9\u05e2\u05d9\u05dd \u05e6\u05e8\u05d9\u05db\u05d9\u05dd \u05dc\u05e7\u05d7\u05ea \u05d1\u05d7\u05e9\u05d1\u05d5\u05df \u05e7\u05e4\u05e8\u05d9\u05e1\u05d9\u05df \u05de\u05e6\u05d9\u05d2\u05d4 \u05db\u05dc\u05db\u05dc\u05d4 \u05d9\u05e6\u05d9\u05d1\u05d4 \u05d5\u05de\u05ea\u05e4\u05ea\u05d7\u05ea, \u05e2\u05dd \u05d2\u05d9\u05d3\u05d5\u05dc \u05de\u05ea\u05de\u05d9\u05d3 \u05d1\u05ea\u05d9\u05d9\u05e8\u05d5\u05ea \u05d5\u05d1\u05de\u05d2\u05d6\u05e8\u05d9\u05dd \u05d0\u05d7\u05e8\u05d9\u05dd \u05db\u05de\u05d5 \u05e4\u05d9\u05e0\u05e0\u05e1\u05d9\u05dd, \u05e9\u05d9\u05e8\u05d5\u05ea\u05d9\u05dd \u05d5\u05d8\u05db\u05e0\u05d5\u05dc\u05d5\u05d2\u05d9\u05d4.","breadcrumb":{"@id":"https:\/\/www.onarestates.com\/de\/vorteile-einer-investition-in-limassol\/#breadcrumb"},"inLanguage":"de","potentialAction":[{"@type":"ReadAction","target":["https:\/\/www.onarestates.com\/de\/vorteile-einer-investition-in-limassol\/"]}]},{"@type":"ImageObject","inLanguage":"de","@id":"https:\/\/www.onarestates.com\/de\/vorteile-einer-investition-in-limassol\/#primaryimage","url":"https:\/\/www.onarestates.com\/wp-content\/uploads\/2024\/07\/iStock-511940064-1024x678.jpg","contentUrl":"https:\/\/www.onarestates.com\/wp-content\/uploads\/2024\/07\/iStock-511940064-1024x678.jpg"},{"@type":"BreadcrumbList","@id":"https:\/\/www.onarestates.com\/de\/vorteile-einer-investition-in-limassol\/#breadcrumb","itemListElement":[{"@type":"ListItem","position":1,"name":"\u05d3\u05e3 \u05d4\u05d1\u05d9\u05ea","item":"https:\/\/www.onarestates.com\/de\/"},{"@type":"ListItem","position":2,"name":"Vorteile einer Investition in Limassol"}]},{"@type":"WebSite","@id":"https:\/\/www.onarestates.com\/de\/#website","url":"https:\/\/www.onarestates.com\/de\/","name":"\u05d3\u05d9\u05e8\u05d5\u05ea \u05dc\u05de\u05db\u05d9\u05e8\u05d4 \u05d1\u05e7\u05e4\u05e8\u05d9\u05e1\u05d9\u05df | \u05e4\u05e8\u05d5\u05d9\u05d9\u05e7\u05d8\u05d9\u05dd \u05e0\u05d3\u05dc\u05df \u05d1\u05e7\u05e4\u05e8\u05d9\u05e1\u05d9\u05df","description":"\u05d1\u05ea\u05d9\u05dd \u05dc\u05de\u05db\u05d9\u05e8\u05d4 \u05d1\u05e7\u05e4\u05e8\u05d9\u05e1\u05d9\u05df","publisher":{"@id":"https:\/\/www.onarestates.com\/de\/#organization"},"potentialAction":[{"@type":"SearchAction","target":{"@type":"EntryPoint","urlTemplate":"https:\/\/www.onarestates.com\/de\/?s={search_term_string}"},"query-input":{"@type":"PropertyValueSpecification","valueRequired":true,"valueName":"search_term_string"}}],"inLanguage":"de"},{"@type":"Organization","@id":"https:\/\/www.onarestates.com\/de\/#organization","name":"Onar estates","url":"https:\/\/www.onarestates.com\/de\/","logo":{"@type":"ImageObject","inLanguage":"de","@id":"https:\/\/www.onarestates.com\/de\/#\/schema\/logo\/image\/","url":"https:\/\/www.onarestates.com\/wp-content\/uploads\/2024\/06\/Group-32741.png","contentUrl":"https:\/\/www.onarestates.com\/wp-content\/uploads\/2024\/06\/Group-32741.png","width":345,"height":188,"caption":"Onar estates"},"image":{"@id":"https:\/\/www.onarestates.com\/de\/#\/schema\/logo\/image\/"}}]}},"_links":{"self":[{"href":"https:\/\/www.onarestates.com\/de\/wp-json\/wp\/v2\/pages\/2539","targetHints":{"allow":["GET"]}}],"collection":[{"href":"https:\/\/www.onarestates.com\/de\/wp-json\/wp\/v2\/pages"}],"about":[{"href":"https:\/\/www.onarestates.com\/de\/wp-json\/wp\/v2\/types\/page"}],"author":[{"embeddable":true,"href":"https:\/\/www.onarestates.com\/de\/wp-json\/wp\/v2\/users\/1"}],"replies":[{"embeddable":true,"href":"https:\/\/www.onarestates.com\/de\/wp-json\/wp\/v2\/comments?post=2539"}],"version-history":[{"count":1,"href":"https:\/\/www.onarestates.com\/de\/wp-json\/wp\/v2\/pages\/2539\/revisions"}],"predecessor-version":[{"id":2542,"href":"https:\/\/www.onarestates.com\/de\/wp-json\/wp\/v2\/pages\/2539\/revisions\/2542"}],"wp:attachment":[{"href":"https:\/\/www.onarestates.com\/de\/wp-json\/wp\/v2\/media?parent=2539"}],"curies":[{"name":"wp","href":"https:\/\/api.w.org\/{rel}","templated":true}]}}