{"id":2543,"date":"2024-07-07T09:09:48","date_gmt":"2024-07-07T09:09:48","guid":{"rendered":"https:\/\/www.onarestates.com\/vorteile-einer-investition-in-larnaca\/"},"modified":"2024-11-18T12:51:00","modified_gmt":"2024-11-18T12:51:00","slug":"vorteile-einer-investition-in-larnaca","status":"publish","type":"page","link":"https:\/\/www.onarestates.com\/de\/vorteile-einer-investition-in-larnaca\/","title":{"rendered":"Vorteile einer Investition in Larnaca"},"content":{"rendered":"\t\t<div data-elementor-type=\"wp-page\" data-elementor-id=\"2543\" class=\"elementor elementor-2543 elementor-1865\" data-elementor-post-type=\"page\">\n\t\t\t\t<div class=\"elementor-element elementor-element-99c90bb e-con-full e-flex e-con e-child\" data-id=\"99c90bb\" data-element_type=\"container\" data-e-type=\"container\" data-settings=\"{&quot;background_background&quot;:&quot;classic&quot;}\">\n\t\t<div class=\"elementor-element elementor-element-81c0062 e-flex e-con-boxed e-con e-child\" data-id=\"81c0062\" data-element_type=\"container\" data-e-type=\"container\" data-settings=\"{&quot;background_background&quot;:&quot;slideshow&quot;,&quot;background_slideshow_gallery&quot;:[{&quot;id&quot;:2126,&quot;url&quot;:&quot;http:\\\/\\\/www.onarestates.com\\\/wp-content\\\/uploads\\\/2024\\\/09\\\/inner-banner-pic.png&quot;}],&quot;background_slideshow_loop&quot;:&quot;yes&quot;,&quot;background_slideshow_slide_duration&quot;:5000,&quot;background_slideshow_slide_transition&quot;:&quot;fade&quot;,&quot;background_slideshow_transition_duration&quot;:500}\">\n\t\t\t\t\t<div class=\"e-con-inner\">\n\t\t\t\t<div class=\"elementor-element elementor-element-0d757c2 elementor-widget elementor-widget-heading\" data-id=\"0d757c2\" data-element_type=\"widget\" data-e-type=\"widget\" data-widget_type=\"heading.default\">\n\t\t\t\t<div class=\"elementor-widget-container\">\n\t\t\t\t\t<h2 class=\"elementor-heading-title elementor-size-default\">Vorteile einer Investition in Larnaca<\/h2>\t\t\t\t<\/div>\n\t\t\t\t<\/div>\n\t\t\t\t\t<\/div>\n\t\t\t\t<\/div>\n\t\t\t\t<\/div>\n\t\t<div class=\"elementor-element elementor-element-af2fe17 e-flex e-con-boxed e-con e-child\" data-id=\"af2fe17\" data-element_type=\"container\" data-e-type=\"container\">\n\t\t\t\t\t<div class=\"e-con-inner\">\n\t\t<div class=\"elementor-element elementor-element-5ad722f e-con-full e-flex e-con e-child\" data-id=\"5ad722f\" data-element_type=\"container\" data-e-type=\"container\">\n\t\t\t\t<div class=\"elementor-element elementor-element-c31c0a2 elementor-widget elementor-widget-text-editor\" data-id=\"c31c0a2\" data-element_type=\"widget\" data-e-type=\"widget\" data-widget_type=\"text-editor.default\">\n\t\t\t\t<div class=\"elementor-widget-container\">\n\t\t\t\t\t\t\t\t\t<p>Investitionen in Larnaca, einer Stadt an der zypriotischen K\u00fcste, bieten Investoren mehrere herausragende Vorteile. Hier sind einige davon:  <\/p>\n<h2>Hervorragende geografische Lage<\/h2>\n<p>Larnaca liegt im Zentrum Zyperns und ist somit ein einfacher Zugangspunkt zum Rest der Insel und den benachbarten Mittelmeerl\u00e4ndern.<\/p>\n<h2>Tourismusentwicklung<\/h2>\n<p>Larnaca erfreut sich eines stetigen Wachstums im Tourismus mit wundersch\u00f6nen Str\u00e4nden, ganzj\u00e4hrig angenehmem Wetter und vielen Touristenattraktionen. Investitionen in Immobilien f\u00fcr den Tourismus k\u00f6nnen besonders lukrativ sein.  <\/p>\n<h2>Attraktive Immobilienpreise<\/h2>\n<p>Verglichen mit anderen St\u00e4dten in Europa und Zypern gelten die Immobilienpreise in Larnaca immer noch als relativ niedrig, was Investoren die M\u00f6glichkeit bietet, Immobilien zu guten Preisen mit starkem Wertsteigerungspotenzial in der Zukunft zu erwerben.<\/p>\n<h2>Verbesserte Infrastrukturen<\/h2>\n<p>Die Stadt durchl\u00e4uft derzeit infrastrukturelle Entwicklungs- und Verbesserungsprozesse, darunter neue Hotels, Einkaufszentren und verbesserte Verkehrsinfrastrukturen, was weiter zur Verbesserung der Lebensqualit\u00e4t in der Stadt und zur Steigerung des Immobilienwerts beitr\u00e4gt.<\/p>\n<h2>Angenehmes Gesch\u00e4ftsumfeld<\/h2>\n<p>Zypern bietet ein investorenfreundliches Steuersystem mit niedrigen Steuern auf Kapitalgewinne und Mieteinnahmen sowie Doppelbesteuerungsabkommen mit vielen L\u00e4ndern, was internationale Investitionen erleichtert.<\/p>\n<h2>Internationale Gemeinschaft<\/h2>\n<p>In Larnaca gibt es eine gro\u00dfe und vielf\u00e4ltige Gemeinschaft ausl\u00e4ndischer Einwohner, was die Attraktivit\u00e4t der Stadt erh\u00f6ht und es Investoren und ihren Familien erleichtert, sich in der Stadt niederzulassen.<\/p>\n<h2>Zuk\u00fcnftige Projekte<\/h2>\n<p>Die Stadt entwickelt sich mit geplanten Projekten wie dem neuen Seehafen und der modernisierten Marina, die Larnaca in ein wichtiges Meeres- und Tourismuszentrum in der Region verwandeln sollen.<\/p>\n<p>Investitionen in Larnaca verbinden Wertsteigerungspotenzial mit hoher Lebensqualit\u00e4t und verschiedenen Gesch\u00e4ftsm\u00f6glichkeiten, was es f\u00fcr viele Investoren zu einer attraktiven Wahl macht.<br \/>Investitionen in Larnaca, einer Stadt an der K\u00fcste Zyperns, bieten Investoren erhebliche Vorteile.<\/p>\n\t\t\t\t\t\t\t\t<\/div>\n\t\t\t\t<\/div>\n\t\t\t\t<\/div>\n\t\t<div class=\"elementor-element elementor-element-ca088f0 e-con-full e-flex e-con e-child\" data-id=\"ca088f0\" data-element_type=\"container\" data-e-type=\"container\">\n\t\t\t\t<div class=\"elementor-element elementor-element-9ca6572 elementor-widget elementor-widget-image\" data-id=\"9ca6572\" data-element_type=\"widget\" data-e-type=\"widget\" data-widget_type=\"image.default\">\n\t\t\t\t<div class=\"elementor-widget-container\">\n\t\t\t\t\t\t\t\t\t\t\t\t\t\t\t<img fetchpriority=\"high\" decoding=\"async\" width=\"800\" height=\"534\" src=\"https:\/\/www.onarestates.com\/wp-content\/uploads\/2024\/07\/iStock-641049070-1024x684.jpg\" class=\"attachment-large size-large wp-image-1027\" alt=\"\u05d9\u05ea\u05e8\u05d5\u05e0\u05d5\u05ea \u05d4\u05e9\u05e7\u05e2\u05d4 \u05d1\u05dc\u05e8\u05e0\u05e7\u05d4\" srcset=\"https:\/\/www.onarestates.com\/wp-content\/uploads\/2024\/07\/iStock-641049070-1024x684.jpg 1024w, https:\/\/www.onarestates.com\/wp-content\/uploads\/2024\/07\/iStock-641049070-300x200.jpg 300w, https:\/\/www.onarestates.com\/wp-content\/uploads\/2024\/07\/iStock-641049070-768x513.jpg 768w, https:\/\/www.onarestates.com\/wp-content\/uploads\/2024\/07\/iStock-641049070.jpg 1200w\" sizes=\"(max-width: 800px) 100vw, 800px\" \/>\t\t\t\t\t\t\t\t\t\t\t\t\t\t\t<\/div>\n\t\t\t\t<\/div>\n\t\t\t\t<div class=\"elementor-element elementor-element-111abb9 elementor-widget elementor-widget-image\" data-id=\"111abb9\" data-element_type=\"widget\" data-e-type=\"widget\" data-widget_type=\"image.default\">\n\t\t\t\t<div class=\"elementor-widget-container\">\n\t\t\t\t\t\t\t\t\t\t\t\t\t\t\t<img decoding=\"async\" width=\"800\" height=\"483\" src=\"https:\/\/www.onarestates.com\/wp-content\/uploads\/2024\/07\/iStock-904850240-1024x618.jpg\" class=\"attachment-large size-large wp-image-1028\" alt=\"\u05d9\u05ea\u05e8\u05d5\u05e0\u05d5\u05ea \u05d4\u05e9\u05e7\u05e2\u05d4 \u05d1\u05dc\u05e8\u05e0\u05e7\u05d4\" srcset=\"https:\/\/www.onarestates.com\/wp-content\/uploads\/2024\/07\/iStock-904850240-1024x618.jpg 1024w, https:\/\/www.onarestates.com\/wp-content\/uploads\/2024\/07\/iStock-904850240-300x181.jpg 300w, https:\/\/www.onarestates.com\/wp-content\/uploads\/2024\/07\/iStock-904850240-768x463.jpg 768w, https:\/\/www.onarestates.com\/wp-content\/uploads\/2024\/07\/iStock-904850240.jpg 1200w\" sizes=\"(max-width: 800px) 100vw, 800px\" \/>\t\t\t\t\t\t\t\t\t\t\t\t\t\t\t<\/div>\n\t\t\t\t<\/div>\n\t\t\t\t<div class=\"elementor-element elementor-element-49fc043 elementor-widget elementor-widget-image\" data-id=\"49fc043\" data-element_type=\"widget\" data-e-type=\"widget\" data-widget_type=\"image.default\">\n\t\t\t\t<div class=\"elementor-widget-container\">\n\t\t\t\t\t\t\t\t\t\t\t\t\t\t\t<img decoding=\"async\" width=\"800\" height=\"534\" src=\"https:\/\/www.onarestates.com\/wp-content\/uploads\/2024\/07\/iStock-921089462-1024x684.jpg\" class=\"attachment-large size-large wp-image-1029\" alt=\"\u05d9\u05ea\u05e8\u05d5\u05e0\u05d5\u05ea \u05d4\u05e9\u05e7\u05e2\u05d4 \u05d1\u05dc\u05e8\u05e0\u05e7\u05d4\" srcset=\"https:\/\/www.onarestates.com\/wp-content\/uploads\/2024\/07\/iStock-921089462-1024x684.jpg 1024w, https:\/\/www.onarestates.com\/wp-content\/uploads\/2024\/07\/iStock-921089462-300x200.jpg 300w, https:\/\/www.onarestates.com\/wp-content\/uploads\/2024\/07\/iStock-921089462-768x513.jpg 768w, https:\/\/www.onarestates.com\/wp-content\/uploads\/2024\/07\/iStock-921089462.jpg 1200w\" sizes=\"(max-width: 800px) 100vw, 800px\" \/>\t\t\t\t\t\t\t\t\t\t\t\t\t\t\t<\/div>\n\t\t\t\t<\/div>\n\t\t\t\t<\/div>\n\t\t\t\t\t<\/div>\n\t\t\t\t<\/div>\n\t\t\t\t<\/div>\n\t\t","protected":false},"excerpt":{"rendered":"<p>Investitionen in Larnaca, einer Stadt an der zypriotischen K\u00fcste, bieten Investoren mehrere herausragende Vorteile. Hier sind einige davon: Hervorragende geografische Lage Larnaca liegt im Zentrum Zyperns und ist somit ein einfacher Zugangspunkt zum Rest der Insel und den benachbarten Mittelmeerl\u00e4ndern. Tourismusentwicklung Larnaca erfreut sich eines stetigen Wachstums im Tourismus mit wundersch\u00f6nen Str\u00e4nden, ganzj\u00e4hrig angenehmem Wetter [&hellip;]<\/p>\n","protected":false},"author":1,"featured_media":0,"parent":0,"menu_order":0,"comment_status":"closed","ping_status":"closed","template":"","meta":{"_acf_changed":false,"footnotes":""},"class_list":["post-2543","page","type-page","status-publish","hentry"],"acf":[],"yoast_head":"<!-- This site is optimized with the Yoast SEO plugin v27.2 - https:\/\/yoast.com\/product\/yoast-seo-wordpress\/ -->\n<title>Vorteile einer Investition in Larnaca - Onar estates | \u05d4\u05e9\u05e7\u05e2\u05d5\u05ea \u05e0\u05d3\u05dc\u05df \u05d1\u05e7\u05e4\u05e8\u05d9\u05e1\u05d9\u05df |<\/title>\n<meta name=\"description\" content=\"Investitionen in Larnaca, einer Stadt an der zypriotischen K\u00fcste, bieten Investoren mehrere herausragende Vorteile. Hier sind einige davon:\" \/>\n<meta name=\"robots\" content=\"index, follow, max-snippet:-1, max-image-preview:large, max-video-preview:-1\" \/>\n<link rel=\"canonical\" href=\"https:\/\/www.onarestates.com\/de\/vorteile-einer-investition-in-larnaca\/\" \/>\n<meta property=\"og:locale\" content=\"de_DE\" \/>\n<meta property=\"og:type\" content=\"article\" \/>\n<meta property=\"og:title\" content=\"Vorteile einer Investition in Larnaca - Onar estates | \u05d4\u05e9\u05e7\u05e2\u05d5\u05ea \u05e0\u05d3\u05dc\u05df \u05d1\u05e7\u05e4\u05e8\u05d9\u05e1\u05d9\u05df |\" \/>\n<meta property=\"og:description\" content=\"Investitionen in Larnaca, einer Stadt an der zypriotischen K\u00fcste, bieten Investoren mehrere herausragende Vorteile. Hier sind einige davon:\" \/>\n<meta property=\"og:url\" content=\"https:\/\/www.onarestates.com\/de\/vorteile-einer-investition-in-larnaca\/\" \/>\n<meta property=\"og:site_name\" content=\"Onar estates | \u05d4\u05e9\u05e7\u05e2\u05d5\u05ea \u05e0\u05d3\u05dc\u05df \u05d1\u05e7\u05e4\u05e8\u05d9\u05e1\u05d9\u05df |\" \/>\n<meta property=\"article:modified_time\" content=\"2024-11-18T12:51:00+00:00\" \/>\n<meta property=\"og:image\" content=\"https:\/\/www.onarestates.com\/wp-content\/uploads\/2024\/07\/iStock-641049070.jpg\" \/>\n\t<meta property=\"og:image:width\" content=\"1200\" \/>\n\t<meta property=\"og:image:height\" content=\"801\" \/>\n\t<meta property=\"og:image:type\" content=\"image\/jpeg\" \/>\n<meta name=\"twitter:card\" content=\"summary_large_image\" \/>\n<meta name=\"twitter:label1\" content=\"Gesch\u00e4tzte Lesezeit\" \/>\n\t<meta name=\"twitter:data1\" content=\"1\u00a0Minute\" \/>\n<script type=\"application\/ld+json\" class=\"yoast-schema-graph\">{\"@context\":\"https:\/\/schema.org\",\"@graph\":[{\"@type\":\"WebPage\",\"@id\":\"https:\/\/www.onarestates.com\/de\/vorteile-einer-investition-in-larnaca\/\",\"url\":\"https:\/\/www.onarestates.com\/de\/vorteile-einer-investition-in-larnaca\/\",\"name\":\"Vorteile einer Investition in Larnaca - Onar estates | \u05d4\u05e9\u05e7\u05e2\u05d5\u05ea \u05e0\u05d3\u05dc\u05df \u05d1\u05e7\u05e4\u05e8\u05d9\u05e1\u05d9\u05df |\",\"isPartOf\":{\"@id\":\"https:\/\/www.onarestates.com\/de\/#website\"},\"primaryImageOfPage\":{\"@id\":\"https:\/\/www.onarestates.com\/de\/vorteile-einer-investition-in-larnaca\/#primaryimage\"},\"image\":{\"@id\":\"https:\/\/www.onarestates.com\/de\/vorteile-einer-investition-in-larnaca\/#primaryimage\"},\"thumbnailUrl\":\"https:\/\/www.onarestates.com\/wp-content\/uploads\/2024\/07\/iStock-641049070-1024x684.jpg\",\"datePublished\":\"2024-07-07T09:09:48+00:00\",\"dateModified\":\"2024-11-18T12:51:00+00:00\",\"description\":\"Investitionen in Larnaca, einer Stadt an der zypriotischen K\u00fcste, bieten Investoren mehrere herausragende Vorteile. Hier sind einige davon:\",\"breadcrumb\":{\"@id\":\"https:\/\/www.onarestates.com\/de\/vorteile-einer-investition-in-larnaca\/#breadcrumb\"},\"inLanguage\":\"de\",\"potentialAction\":[{\"@type\":\"ReadAction\",\"target\":[\"https:\/\/www.onarestates.com\/de\/vorteile-einer-investition-in-larnaca\/\"]}]},{\"@type\":\"ImageObject\",\"inLanguage\":\"de\",\"@id\":\"https:\/\/www.onarestates.com\/de\/vorteile-einer-investition-in-larnaca\/#primaryimage\",\"url\":\"https:\/\/www.onarestates.com\/wp-content\/uploads\/2024\/07\/iStock-641049070-1024x684.jpg\",\"contentUrl\":\"https:\/\/www.onarestates.com\/wp-content\/uploads\/2024\/07\/iStock-641049070-1024x684.jpg\"},{\"@type\":\"BreadcrumbList\",\"@id\":\"https:\/\/www.onarestates.com\/de\/vorteile-einer-investition-in-larnaca\/#breadcrumb\",\"itemListElement\":[{\"@type\":\"ListItem\",\"position\":1,\"name\":\"\u05d3\u05e3 \u05d4\u05d1\u05d9\u05ea\",\"item\":\"https:\/\/www.onarestates.com\/de\/\"},{\"@type\":\"ListItem\",\"position\":2,\"name\":\"Vorteile einer Investition in Larnaca\"}]},{\"@type\":\"WebSite\",\"@id\":\"https:\/\/www.onarestates.com\/de\/#website\",\"url\":\"https:\/\/www.onarestates.com\/de\/\",\"name\":\"\u05d3\u05d9\u05e8\u05d5\u05ea \u05dc\u05de\u05db\u05d9\u05e8\u05d4 \u05d1\u05e7\u05e4\u05e8\u05d9\u05e1\u05d9\u05df | \u05e4\u05e8\u05d5\u05d9\u05d9\u05e7\u05d8\u05d9\u05dd \u05e0\u05d3\u05dc\u05df \u05d1\u05e7\u05e4\u05e8\u05d9\u05e1\u05d9\u05df\",\"description\":\"\u05d1\u05ea\u05d9\u05dd \u05dc\u05de\u05db\u05d9\u05e8\u05d4 \u05d1\u05e7\u05e4\u05e8\u05d9\u05e1\u05d9\u05df\",\"publisher\":{\"@id\":\"https:\/\/www.onarestates.com\/de\/#organization\"},\"potentialAction\":[{\"@type\":\"SearchAction\",\"target\":{\"@type\":\"EntryPoint\",\"urlTemplate\":\"https:\/\/www.onarestates.com\/de\/?s={search_term_string}\"},\"query-input\":{\"@type\":\"PropertyValueSpecification\",\"valueRequired\":true,\"valueName\":\"search_term_string\"}}],\"inLanguage\":\"de\"},{\"@type\":\"Organization\",\"@id\":\"https:\/\/www.onarestates.com\/de\/#organization\",\"name\":\"Onar estates\",\"url\":\"https:\/\/www.onarestates.com\/de\/\",\"logo\":{\"@type\":\"ImageObject\",\"inLanguage\":\"de\",\"@id\":\"https:\/\/www.onarestates.com\/de\/#\/schema\/logo\/image\/\",\"url\":\"https:\/\/www.onarestates.com\/wp-content\/uploads\/2024\/06\/Group-32741.png\",\"contentUrl\":\"https:\/\/www.onarestates.com\/wp-content\/uploads\/2024\/06\/Group-32741.png\",\"width\":345,\"height\":188,\"caption\":\"Onar estates\"},\"image\":{\"@id\":\"https:\/\/www.onarestates.com\/de\/#\/schema\/logo\/image\/\"}}]}<\/script>\n<!-- \/ Yoast SEO plugin. -->","yoast_head_json":{"title":"Vorteile einer Investition in Larnaca - Onar estates | \u05d4\u05e9\u05e7\u05e2\u05d5\u05ea \u05e0\u05d3\u05dc\u05df \u05d1\u05e7\u05e4\u05e8\u05d9\u05e1\u05d9\u05df |","description":"Investitionen in Larnaca, einer Stadt an der zypriotischen K\u00fcste, bieten Investoren mehrere herausragende Vorteile. Hier sind einige davon:","robots":{"index":"index","follow":"follow","max-snippet":"max-snippet:-1","max-image-preview":"max-image-preview:large","max-video-preview":"max-video-preview:-1"},"canonical":"https:\/\/www.onarestates.com\/de\/vorteile-einer-investition-in-larnaca\/","og_locale":"de_DE","og_type":"article","og_title":"Vorteile einer Investition in Larnaca - Onar estates | \u05d4\u05e9\u05e7\u05e2\u05d5\u05ea \u05e0\u05d3\u05dc\u05df \u05d1\u05e7\u05e4\u05e8\u05d9\u05e1\u05d9\u05df |","og_description":"Investitionen in Larnaca, einer Stadt an der zypriotischen K\u00fcste, bieten Investoren mehrere herausragende Vorteile. Hier sind einige davon:","og_url":"https:\/\/www.onarestates.com\/de\/vorteile-einer-investition-in-larnaca\/","og_site_name":"Onar estates | \u05d4\u05e9\u05e7\u05e2\u05d5\u05ea \u05e0\u05d3\u05dc\u05df \u05d1\u05e7\u05e4\u05e8\u05d9\u05e1\u05d9\u05df |","article_modified_time":"2024-11-18T12:51:00+00:00","og_image":[{"width":1200,"height":801,"url":"https:\/\/www.onarestates.com\/wp-content\/uploads\/2024\/07\/iStock-641049070.jpg","type":"image\/jpeg"}],"twitter_card":"summary_large_image","twitter_misc":{"Gesch\u00e4tzte Lesezeit":"1\u00a0Minute"},"schema":{"@context":"https:\/\/schema.org","@graph":[{"@type":"WebPage","@id":"https:\/\/www.onarestates.com\/de\/vorteile-einer-investition-in-larnaca\/","url":"https:\/\/www.onarestates.com\/de\/vorteile-einer-investition-in-larnaca\/","name":"Vorteile einer Investition in Larnaca - Onar estates | \u05d4\u05e9\u05e7\u05e2\u05d5\u05ea \u05e0\u05d3\u05dc\u05df \u05d1\u05e7\u05e4\u05e8\u05d9\u05e1\u05d9\u05df |","isPartOf":{"@id":"https:\/\/www.onarestates.com\/de\/#website"},"primaryImageOfPage":{"@id":"https:\/\/www.onarestates.com\/de\/vorteile-einer-investition-in-larnaca\/#primaryimage"},"image":{"@id":"https:\/\/www.onarestates.com\/de\/vorteile-einer-investition-in-larnaca\/#primaryimage"},"thumbnailUrl":"https:\/\/www.onarestates.com\/wp-content\/uploads\/2024\/07\/iStock-641049070-1024x684.jpg","datePublished":"2024-07-07T09:09:48+00:00","dateModified":"2024-11-18T12:51:00+00:00","description":"Investitionen in Larnaca, einer Stadt an der zypriotischen K\u00fcste, bieten Investoren mehrere herausragende Vorteile. Hier sind einige davon:","breadcrumb":{"@id":"https:\/\/www.onarestates.com\/de\/vorteile-einer-investition-in-larnaca\/#breadcrumb"},"inLanguage":"de","potentialAction":[{"@type":"ReadAction","target":["https:\/\/www.onarestates.com\/de\/vorteile-einer-investition-in-larnaca\/"]}]},{"@type":"ImageObject","inLanguage":"de","@id":"https:\/\/www.onarestates.com\/de\/vorteile-einer-investition-in-larnaca\/#primaryimage","url":"https:\/\/www.onarestates.com\/wp-content\/uploads\/2024\/07\/iStock-641049070-1024x684.jpg","contentUrl":"https:\/\/www.onarestates.com\/wp-content\/uploads\/2024\/07\/iStock-641049070-1024x684.jpg"},{"@type":"BreadcrumbList","@id":"https:\/\/www.onarestates.com\/de\/vorteile-einer-investition-in-larnaca\/#breadcrumb","itemListElement":[{"@type":"ListItem","position":1,"name":"\u05d3\u05e3 \u05d4\u05d1\u05d9\u05ea","item":"https:\/\/www.onarestates.com\/de\/"},{"@type":"ListItem","position":2,"name":"Vorteile einer Investition in Larnaca"}]},{"@type":"WebSite","@id":"https:\/\/www.onarestates.com\/de\/#website","url":"https:\/\/www.onarestates.com\/de\/","name":"\u05d3\u05d9\u05e8\u05d5\u05ea \u05dc\u05de\u05db\u05d9\u05e8\u05d4 \u05d1\u05e7\u05e4\u05e8\u05d9\u05e1\u05d9\u05df | \u05e4\u05e8\u05d5\u05d9\u05d9\u05e7\u05d8\u05d9\u05dd \u05e0\u05d3\u05dc\u05df \u05d1\u05e7\u05e4\u05e8\u05d9\u05e1\u05d9\u05df","description":"\u05d1\u05ea\u05d9\u05dd \u05dc\u05de\u05db\u05d9\u05e8\u05d4 \u05d1\u05e7\u05e4\u05e8\u05d9\u05e1\u05d9\u05df","publisher":{"@id":"https:\/\/www.onarestates.com\/de\/#organization"},"potentialAction":[{"@type":"SearchAction","target":{"@type":"EntryPoint","urlTemplate":"https:\/\/www.onarestates.com\/de\/?s={search_term_string}"},"query-input":{"@type":"PropertyValueSpecification","valueRequired":true,"valueName":"search_term_string"}}],"inLanguage":"de"},{"@type":"Organization","@id":"https:\/\/www.onarestates.com\/de\/#organization","name":"Onar estates","url":"https:\/\/www.onarestates.com\/de\/","logo":{"@type":"ImageObject","inLanguage":"de","@id":"https:\/\/www.onarestates.com\/de\/#\/schema\/logo\/image\/","url":"https:\/\/www.onarestates.com\/wp-content\/uploads\/2024\/06\/Group-32741.png","contentUrl":"https:\/\/www.onarestates.com\/wp-content\/uploads\/2024\/06\/Group-32741.png","width":345,"height":188,"caption":"Onar estates"},"image":{"@id":"https:\/\/www.onarestates.com\/de\/#\/schema\/logo\/image\/"}}]}},"_links":{"self":[{"href":"https:\/\/www.onarestates.com\/de\/wp-json\/wp\/v2\/pages\/2543","targetHints":{"allow":["GET"]}}],"collection":[{"href":"https:\/\/www.onarestates.com\/de\/wp-json\/wp\/v2\/pages"}],"about":[{"href":"https:\/\/www.onarestates.com\/de\/wp-json\/wp\/v2\/types\/page"}],"author":[{"embeddable":true,"href":"https:\/\/www.onarestates.com\/de\/wp-json\/wp\/v2\/users\/1"}],"replies":[{"embeddable":true,"href":"https:\/\/www.onarestates.com\/de\/wp-json\/wp\/v2\/comments?post=2543"}],"version-history":[{"count":1,"href":"https:\/\/www.onarestates.com\/de\/wp-json\/wp\/v2\/pages\/2543\/revisions"}],"predecessor-version":[{"id":2548,"href":"https:\/\/www.onarestates.com\/de\/wp-json\/wp\/v2\/pages\/2543\/revisions\/2548"}],"wp:attachment":[{"href":"https:\/\/www.onarestates.com\/de\/wp-json\/wp\/v2\/media?parent=2543"}],"curies":[{"name":"wp","href":"https:\/\/api.w.org\/{rel}","templated":true}]}}